{"id":260,"date":"2023-03-13T10:32:54","date_gmt":"2023-03-13T10:32:54","guid":{"rendered":"https:\/\/beta.belonaconsultors.com\/?page_id=260"},"modified":"2023-03-13T11:03:11","modified_gmt":"2023-03-13T11:03:11","slug":"politica-de-privacidad","status":"publish","type":"page","link":"https:\/\/belonaconsultors.com\/ca\/politica-de-privacidad\/","title":{"rendered":"Pol\u00edtica de Privacitat"},"content":{"rendered":"<div data-elementor-type=\"wp-page\" data-elementor-id=\"260\" class=\"elementor elementor-260\">\n\t\t\t\t\t\t\t\t\t<section class=\"elementor-section elementor-top-section elementor-element elementor-element-b7be50e elementor-section-boxed elementor-section-height-default elementor-section-height-default\" data-id=\"b7be50e\" data-element_type=\"section\">\n\t\t\t\t\t\t<div class=\"elementor-container elementor-column-gap-default\">\n\t\t\t\t\t<div class=\"elementor-column elementor-col-100 elementor-top-column elementor-element elementor-element-fb41a8d\" data-id=\"fb41a8d\" data-element_type=\"column\">\n\t\t\t<div class=\"elementor-widget-wrap elementor-element-populated\">\n\t\t\t\t\t\t\t\t<div class=\"elementor-element elementor-element-4ad461e elementor-widget elementor-widget-heading\" data-id=\"4ad461e\" data-element_type=\"widget\" data-widget_type=\"heading.default\">\n\t\t\t\t<div class=\"elementor-widget-container\">\n\t\t\t<style>\/*! elementor - v3.14.0 - 26-06-2023 *\/\n.elementor-heading-title{padding:0;margin:0;line-height:1}.elementor-widget-heading .elementor-heading-title[class*=elementor-size-]>a{color:inherit;font-size:inherit;line-height:inherit}.elementor-widget-heading .elementor-heading-title.elementor-size-small{font-size:15px}.elementor-widget-heading .elementor-heading-title.elementor-size-medium{font-size:19px}.elementor-widget-heading .elementor-heading-title.elementor-size-large{font-size:29px}.elementor-widget-heading .elementor-heading-title.elementor-size-xl{font-size:39px}.elementor-widget-heading .elementor-heading-title.elementor-size-xxl{font-size:59px}<\/style><h2 class=\"elementor-heading-title elementor-size-default\">Pol\u00edtica de Privacitat<\/h2>\t\t<\/div>\n\t\t\t\t<\/div>\n\t\t\t\t<div class=\"elementor-element elementor-element-d1e3b35 elementor-widget elementor-widget-text-editor\" data-id=\"d1e3b35\" data-element_type=\"widget\" data-widget_type=\"text-editor.default\">\n\t\t\t\t<div class=\"elementor-widget-container\">\n\t\t\t<style>\/*! elementor - v3.14.0 - 26-06-2023 *\/\n.elementor-widget-text-editor.elementor-drop-cap-view-stacked .elementor-drop-cap{background-color:#69727d;color:#fff}.elementor-widget-text-editor.elementor-drop-cap-view-framed .elementor-drop-cap{color:#69727d;border:3px solid;background-color:transparent}.elementor-widget-text-editor:not(.elementor-drop-cap-view-default) .elementor-drop-cap{margin-top:8px}.elementor-widget-text-editor:not(.elementor-drop-cap-view-default) .elementor-drop-cap-letter{width:1em;height:1em}.elementor-widget-text-editor .elementor-drop-cap{float:left;text-align:center;line-height:1;font-size:50px}.elementor-widget-text-editor .elementor-drop-cap-letter{display:inline-block}<\/style>\t\t\t\t<p><strong>1.- Qui \u00e9s el Responsable del tractament de les seves dades?<\/strong><\/p><p>La present pol\u00edtica de privacitat (d'ara endavant, la \u201cPol\u00edtica de Privacitat\u201d) aplica a totes les dades de car\u00e0cter personal que la usu\u00e0ria aportaci\u00f3 a Belona Consultors SLP, amb domicili en Carrer Sant Pere, n\u00fam. 19, 08470 Sant Celoni, Barcelona (d'ara endavant \u201cBelona\u201d) a trav\u00e9s de formularis en l\u00ednia. Belona \u00e9s el Responsable del tractament de les dades personals de l'usuari i l'informa que aquestes dades seran tractades de conformitat amb el que es disposa en el Reglament (UE) 2016\/679 de 27 d'abril de 2016 (GDPR).<\/p><p>A l'efecte de la present Pol\u00edtica de Privacitat, ha d'entendre's com a \u201cUsuari\u201d a tota persona f\u00edsica interessada en els productes i serveis que Belona ofereix a trav\u00e9s de les seves p\u00e0gines web. Belona, com a responsable del tractament, sol\u00b7licitar\u00e0, amb car\u00e0cter previ a l'aportaci\u00f3 de les seves dades de car\u00e0cter personal, el consentiment expr\u00e9s de l'Usuari a la present Pol\u00edtica de Privacitat, quan aix\u00ed sigui necessari i a qualsevol altre aspecte que requereixi la pr\u00e8via autoritzaci\u00f3 d'aquest. L'objectiu de la Pol\u00edtica de Privacitat de Belona \u00e9s donar transpar\u00e8ncia a la informaci\u00f3 de com tractem les seves dades i protegir la informaci\u00f3 en Internet i les dades que l'usuari pugui introduir en la web.<\/p><p>L'Usuari podr\u00e0 posar-se en contacte amb el Departament de Protecci\u00f3 de Dades de Belona a trav\u00e9s de dpd@belonaconsultors.com davant qualsevol dubte o necessitat que tingu\u00e9s en mat\u00e8ria de protecci\u00f3 de dades.<\/p><p><strong>2.- Amb quina finalitat tractem les seves dades personals?<\/strong><\/p><p>Per la present s'informa l'Usuari que Belona podr\u00e0 tractar les dades de car\u00e0cter personal que l'Usuari faciliti a trav\u00e9s dels formularis en l\u00ednia de Belona, per a les finalitats que s'indiquen a continuaci\u00f3, en la mesura en qu\u00e8 existeixi una base legal per a cada tractament segons s'explica m\u00e9s endavant:<\/p><p><strong>(a)<\/strong> Informar l'Usuari per qualsevol mitj\u00e0, incloent-hi l'enviament de comunicacions comercials a l'adre\u00e7a de correu electr\u00f2nic que l'Usuari en el seu cas faciliti, de productes i serveis de Belona.<br \/><strong>(b)<\/strong> Realitzar activitats promocionals sobre altres productes i serveis de Belona incloent l'enviament de comunicacions comercials a l'adre\u00e7a de correu electr\u00f2nic que l'Usuari en el seu cas faciliti.<br \/><strong>(c)<\/strong> Realitzar activitats promocionals, incloent-hi l'enviament de comunicacions comercials a l'adre\u00e7a de correu electr\u00f2nic que l'Usuari faciliti per part de Belona, de productes o serveis de terceres empreses col\u00b7laboradores de Belona dels seg\u00fcents sectors: formaci\u00f3, Prevenci\u00f3 de Riscos Laborals, Auditories de Comptes i serveis inform\u00e0tics. Tot aix\u00f2, sempre que sol\u00b7licitem a l'Usuari el seu consentiment per a aix\u00f2 i aquest ens l'atorgui.<\/p><p><strong>3.- Quina \u00e9s la legitimaci\u00f3 per al tractament de les seves dades personals?<\/strong><\/p><p><span style=\"font-style: inherit; font-weight: inherit; background-color: var(--ast-global-color-5);\">La base legal per al tractament de les dades per a la finalitat (a) i (b) \u00e9s l'execuci\u00f3 del contracte de prestaci\u00f3 de serveis i dels productes corresponents.<\/span><\/p><p>La base legal per al tractament de les dades per a la finalitat (b) ser\u00e0 tant el consentiment de l'Usuari, en cas que s'hagi sol\u00b7licitat i atorgat, com l'inter\u00e8s leg\u00edtim de Belona a posar en el seu coneixement productes o serveis similars als que hagi adquirit pr\u00e8viament.<\/p><p>La base legal per al tractament de les dades per a les finalitats (c) \u00e9s el consentiment que s'hagu\u00e9s pogut sol\u00b7licitar a l'Usuari, sense que en cap cas la retirada del mateix condicioni l'execuci\u00f3 del contracte de prestaci\u00f3 de serveis. Les dades personals de l'Usuari no es tractaran per a aquestes finalitats en cas que Belona no hagu\u00e9s sol\u00b7licitat el seu consentiment.<\/p><p>L'Usuari coneix i accepta que el no emplenament d'unes certes dades de car\u00e0cter personal impedir\u00e0 a Belona prestar tots aquells serveis vinculats a tals dades. En cap cas Belona cedir\u00e0, explotar\u00e0 aquestes dades o els destinar\u00e0 a un \u00fas diferent de l'aqu\u00ed indicat expressament. Durant el proc\u00e9s de registre, l'Usuari ser\u00e0 informat del car\u00e0cter no obligatori de la recollida d'alguns de les dades per a la prestaci\u00f3 dels serveis de Belona.<\/p><p><strong>4.- Per quant temps conservem les seves dades personals?<\/strong><\/p><p>Belona conservar\u00e0 les dades dels seus clients mentre duri la seva relaci\u00f3 contractual i posteriorment a aquesta, es conservessin les dades per a accions promocionals durant un termini de dos anys, per a un altre tipus d'usuaris les dades es mantindran igualment durant un per\u00edode de dos anys, (excepte, en tots dos casos, que el tractament es bas\u00e9s en el consentiment de l'Usuari i aquest el revoqu\u00e9s, i en aquest cas es conservaran fins que es rebi tal revocaci\u00f3) per tant, les dades no es conservaran m\u00e9s temps del necessari per als fins descrits anteriorment, sense perjudici de la conservaci\u00f3 que result\u00e9s necess\u00e0ria per a la formulaci\u00f3, l'exercici o la defensa de potencials reclamacions i\/o sempre que ho permet\u00e9s la legislaci\u00f3 aplicable.<\/p><p><strong>5.- Qui t\u00e9 acc\u00e9s a les seves dades personals?<\/strong><\/p><p>Una \u00f2ptima prestaci\u00f3 del servei que Belona ofereix a trav\u00e9s de la seva p\u00e0gina web pot requerir que uns altres tercers prestadors de serveis de Belona accedeixin a les dades personals de l'Usuari com a encarregats del tractament.<br \/>Adem\u00e1s de lo anterior, Belona podr\u00e1 realizar cesiones o comunicaciones de datos personales para atender sus obligaciones con las Administraciones P\u00fablicas en los casos que as\u00ed se requiera de acuerdo con la legislaci\u00f3n vigente en cada momento y en su caso, igualmente a otros \u00f3rganos como Fuerzas y Cuerpos de Seguridad del Estado y a los \u00f3rganos Judiciales.<\/p><p><strong>6.- Quins s\u00f3n els drets dels usuaris?<\/strong><\/p><p>Belona informa l'Usuari sobre la possibilitat que li assisteix d'exercitar els drets d'acc\u00e9s, rectificaci\u00f3, oposici\u00f3, supressi\u00f3, portabilitat i limitaci\u00f3 del tractament aix\u00ed com a rebutjar el tractament automatitzat de les dades personals recollits per Belona.<br \/>Aquests drets podran ser exercitats gratu\u00eftament per l'Usuari, i si escau qui el representi, mitjan\u00e7ant sol\u00b7licitud escrita i signada dirigida a la seg\u00fcent adre\u00e7a: Carrer Sant Pere, n\u00fam. 19, 08470, Sant Celoni, Barcelona. Aquesta sol\u00b7licitud haur\u00e0 de contenir en l'assumpte la referencia \u201cProtecci\u00f3 de dades\/[Belona]\u201d i haur\u00e0 d'incloure les seg\u00fcents dades: nom i cognoms de l'Usuari, domicili a l'efecte de notificacions, fotoc\u00f2pia del Document Nacional d'Identitat o Passaport, i petici\u00f3 en qu\u00e8 es concreta la sol\u00b7licitud. En el cas de representaci\u00f3, haur\u00e0 de provar-se la mateixa mitjan\u00e7ant document fefaent. Aix\u00ed mateix, l'Usuari podr\u00e0 exercitar els esmentats drets a trav\u00e9s del correu electr\u00f2nic dpd@belonaconsultors.com\n Neteja Copia el text\nRessalta les paraules desconegudesUtilitza les formes valencianes<\/p><p>A m\u00e9s dels anteriors drets, l'Usuari tindr\u00e0 dret a retirar el consentiment atorgat en qualsevol moment mitjan\u00e7ant el procediment m\u00e9s amunt descrit, sense que aquesta retirada de consentiment afecti la licitud del tractament anterior a la retirada d'aquest. Belona podr\u00e0 continuar tractant les dades de l'Usuari en la mesura en qu\u00e8 la llei aplicable ho permeti.<br \/>Aix\u00ed mateix, quan el tractament de les dades personals de l'Usuari per a la finalitat (a) es bas\u00e9s en l'inter\u00e8s leg\u00edtim, l'Usuari podr\u00e0 oposar-se a aquest.<\/p><p>Belona recorda a l'Usuari que t\u00e9 dret a presentar una reclamaci\u00f3 davant l'autoritat de control pertinent.<\/p><p><strong>7.- Baixa en el servei de l'enviament de comunicacions comercials.<\/strong><\/p><p>Tal com s'ha esmentat en l'apartat anterior, l'Usuari t\u00e9 dret a revocar en qualsevol moment el consentiment prestat per a l'enviament de comunicacions comercials amb la simple notificaci\u00f3 a Belona per la qual informa que no desitja continuar rebent comunicacions comercials. Per a aix\u00f2, l'Usuari podr\u00e0 o b\u00e9 revocar el seu consentiment en la forma descrita en l'apartat anterior o b\u00e9 punxar en l'enlla\u00e7 incl\u00f2s en cada comunicaci\u00f3 comercial cancel\u00b7lant per tant, l'enviament de comunicacions comercials electr\u00f2niques.<\/p><p><strong>8.- A partir de quina edat pot l'Usuari accedir als nostres productes i serveis?<\/strong><\/p><p>La web de Belona no es dirigeix a menors de 18 anys. En acceptar la present Pol\u00edtica de Privacitat l'Usuari declara i garanteix que \u00e9s major de 18 anys.<\/p><p><strong>9.- Quines mesures de seguretat tenim implementades?<\/strong><\/p><p>Belona es compromet al compliment de la seva obligaci\u00f3 de secret de les dades de car\u00e0cter personal i del seu deure de guardar-los, i adoptar\u00e0 les mesures necess\u00e0ries per a evitar la seva alteraci\u00f3, p\u00e8rdua, tractament o acc\u00e9s no autoritzat, d'acord amb el que s'estableix per normativa aplicable.<\/p><p>Belona t\u00e9 implantades les mesures de seguretat d'\u00edndole t\u00e8cnica i organitzatives necess\u00e0ries per a garantir la seguretat de les seves dades de car\u00e0cter personal i evitar la seva alteraci\u00f3, p\u00e8rdua i tractament i\/o acc\u00e9s no autoritzat, tenint en compte de l'estat de la tecnologia, la naturalesa de les dades emmagatzemades i els riscos al fet que estan exposats, ja provinguin de l'acci\u00f3 humana o del medi f\u00edsic o natural, d'acord amb el que s'estableix per la normativa aplicable.<\/p><p>Belona entitat preocupada per la privacitat, amb vista a refor\u00e7ar la confidencialitat i integritat de la informaci\u00f3 en la seva organitzaci\u00f3, mant\u00e9 cont\u00ednuament la supervisi\u00f3, control i avaluaci\u00f3 dels seus processos per a assegurar el respecte a la privacitat i seguretat de la informaci\u00f3, segons els est\u00e0ndards internacionals.<\/p><p><strong>10.- \u00das de cookies.<\/strong><\/p><p><span style=\"font-style: inherit; font-weight: inherit; background-color: var(--ast-global-color-5);\">La nostra p\u00e0gina web utilitza cookies per a distingir-li a vost\u00e8 dels altres usuaris del nostre lloc web, la qual cosa ens ajuda a proporcionar-li una bona experi\u00e8ncia quan navega pel nostre lloc web i ens permet aix\u00ed mateix millorar-lo. Pot obtenir m\u00e9s informaci\u00f3 sobre l'\u00fas de cookies en la Pol\u00edtica de Cookies.<\/span><\/p><p><strong><span style=\"font-style: inherit; background-color: var(--ast-global-color-5);\">11.- Links.<\/span><\/strong><\/p><p><span style=\"background-color: var(--ast-global-color-5); font-style: inherit; font-weight: inherit;\">La p\u00e0gina web de Belona pot incloure enlla\u00e7os a altres llocs que no s\u00f3n operats o controlats per Belona. Per aix\u00f2, Belona no garanteix, ni es fa responsable de la licitud, fiabilitat, utilitat, veracitat i actualitat dels continguts de tals llocs web o de les seves pr\u00e0ctiques de privacitat. Si us plau abans de proporcionar la seva informaci\u00f3 personal a aquests llocs web aliens a Belona, tingui en compte que el seu compliment en mat\u00e8ria de protecci\u00f3 de dades pot diferir del nostre.<\/span><\/p><p><strong><span style=\"font-style: inherit; background-color: var(--ast-global-color-5);\">12.- Modificaci\u00f3 de la Pol\u00edtica de Privacitat.<\/span><\/strong><\/p><p><span style=\"font-style: inherit; font-weight: inherit; background-color: var(--ast-global-color-5);\">Belona podr\u00e0 modificar la seva Pol\u00edtica de Privacitat d'acord amb la legislaci\u00f3 aplicable a cada moment. En tot cas, qualsevol modificaci\u00f3 de la Pol\u00edtica de Privacitat li ser\u00e0 degudament notificada a l'Usuari perqu\u00e8, quedi informat dels canvis realitzats en el tractament de les seves dades personals i, en cas que la normativa aplicable aix\u00ed ho exigeixi, l'Usuari pugui atorgar el seu consentiment.<\/span><\/p>\t\t\t\t\t\t<\/div>\n\t\t\t\t<\/div>\n\t\t\t\t\t<\/div>\n\t\t<\/div>\n\t\t\t\t\t\t\t<\/div>\n\t\t<\/section>\n\t\t\t\t\t\t\t<\/div>","protected":false},"excerpt":{"rendered":"<p>Pol\u00edtica de Privacidad 1.- \u00bfQui\u00e9n es el Responsable del tratamiento de sus datos? La presente pol\u00edtica de privacidad (en adelante, la \u201cPol\u00edtica de Privacidad\u201d) aplica a todos los datos de car\u00e1cter personal que el usuario aporte a Belona Consultors SLP, con domicilio en Calle Sant Pere, n\u00fam. 19, 08470 Sant Celoni, Barcelona (en adelante \u201cBelona\u201d) &hellip;<\/p>\n<p class=\"read-more\"> <a class=\"\" href=\"https:\/\/belonaconsultors.com\/ca\/politica-de-privacidad\/\"> <span class=\"screen-reader-text\">Pol\u00edtica de Privacitat<\/span> Llegeix m\u00e9s &raquo;<\/a><\/p>","protected":false},"author":1,"featured_media":0,"parent":0,"menu_order":0,"comment_status":"closed","ping_status":"closed","template":"","meta":{"site-sidebar-layout":"no-sidebar","site-content-layout":"page-builder","ast-global-header-display":"","ast-main-header-display":"","ast-hfb-above-header-display":"","ast-hfb-below-header-display":"","ast-hfb-mobile-header-display":"","site-post-title":"disabled","ast-breadcrumbs-content":"","ast-featured-img":"disabled","footer-sml-layout":"","theme-transparent-header-meta":"","adv-header-id-meta":"","stick-header-meta":"","header-above-stick-meta":"","header-main-stick-meta":"","header-below-stick-meta":"","footnotes":""},"class_list":["post-260","page","type-page","status-publish","hentry"],"yoast_head":"<!-- This site is optimized with the Yoast SEO plugin v20.12 - https:\/\/yoast.com\/wordpress\/plugins\/seo\/ -->\n<title>Belona Consultors - Pol\u00edtica de Privacidad<\/title>\n<meta name=\"robots\" content=\"noindex, nofollow\" \/>\n<meta property=\"og:locale\" content=\"ca_ES\" \/>\n<meta property=\"og:type\" content=\"article\" \/>\n<meta property=\"og:title\" content=\"Belona Consultors - Pol\u00edtica de Privacidad\" \/>\n<meta property=\"og:description\" content=\"Pol\u00edtica de Privacidad 1.- \u00bfQui\u00e9n es el Responsable del tratamiento de sus datos? La presente pol\u00edtica de privacidad (en adelante, la \u201cPol\u00edtica de Privacidad\u201d) aplica a todos los datos de car\u00e1cter personal que el usuario aporte a Belona Consultors SLP, con domicilio en Calle Sant Pere, n\u00fam. 19, 08470 Sant Celoni, Barcelona (en adelante \u201cBelona\u201d) &hellip; Pol\u00edtica de Privacidad Llegeix m\u00e9s &raquo;\" \/>\n<meta property=\"og:url\" content=\"https:\/\/belonaconsultors.com\/ca\/politica-de-privacidad\/\" \/>\n<meta property=\"og:site_name\" content=\"Belona Consultors\" \/>\n<meta property=\"article:modified_time\" content=\"2023-03-13T11:03:11+00:00\" \/>\n<meta name=\"twitter:card\" content=\"summary_large_image\" \/>\n<meta name=\"twitter:label1\" content=\"Temps estimat de lectura\" \/>\n\t<meta name=\"twitter:data1\" content=\"8 minuts\" \/>\n<script type=\"application\/ld+json\" class=\"yoast-schema-graph\">{\"@context\":\"https:\/\/schema.org\",\"@graph\":[{\"@type\":\"WebPage\",\"@id\":\"https:\/\/belonaconsultors.com\/es\/politica-de-privacidad\/\",\"url\":\"https:\/\/belonaconsultors.com\/es\/politica-de-privacidad\/\",\"name\":\"Belona Consultors - Pol\u00edtica de Privacidad\",\"isPartOf\":{\"@id\":\"https:\/\/belonaconsultors.com\/ca\/#website\"},\"datePublished\":\"2023-03-13T10:32:54+00:00\",\"dateModified\":\"2023-03-13T11:03:11+00:00\",\"breadcrumb\":{\"@id\":\"https:\/\/belonaconsultors.com\/es\/politica-de-privacidad\/#breadcrumb\"},\"inLanguage\":\"ca\",\"potentialAction\":[{\"@type\":\"ReadAction\",\"target\":[\"https:\/\/belonaconsultors.com\/es\/politica-de-privacidad\/\"]}]},{\"@type\":\"BreadcrumbList\",\"@id\":\"https:\/\/belonaconsultors.com\/es\/politica-de-privacidad\/#breadcrumb\",\"itemListElement\":[{\"@type\":\"ListItem\",\"position\":1,\"name\":\"Portada\",\"item\":\"https:\/\/belonaconsultors.com\/es\/\"},{\"@type\":\"ListItem\",\"position\":2,\"name\":\"Pol\u00edtica de Privacidad\"}]},{\"@type\":\"WebSite\",\"@id\":\"https:\/\/belonaconsultors.com\/ca\/#website\",\"url\":\"https:\/\/belonaconsultors.com\/ca\/\",\"name\":\"Belona Consultors\",\"description\":\"Otro sitio realizado con WordPress\",\"publisher\":{\"@id\":\"https:\/\/belonaconsultors.com\/ca\/#organization\"},\"potentialAction\":[{\"@type\":\"SearchAction\",\"target\":{\"@type\":\"EntryPoint\",\"urlTemplate\":\"https:\/\/belonaconsultors.com\/ca\/?s={search_term_string}\"},\"query-input\":\"required name=search_term_string\"}],\"inLanguage\":\"ca\"},{\"@type\":\"Organization\",\"@id\":\"https:\/\/belonaconsultors.com\/ca\/#organization\",\"name\":\"Belona Consultors\",\"url\":\"https:\/\/belonaconsultors.com\/ca\/\",\"logo\":{\"@type\":\"ImageObject\",\"inLanguage\":\"ca\",\"@id\":\"https:\/\/belonaconsultors.com\/ca\/#\/schema\/logo\/image\/\",\"url\":\"https:\/\/belonaconsultors.com\/wp-content\/uploads\/2023\/01\/Logo-Belona-Consultors.png\",\"contentUrl\":\"https:\/\/belonaconsultors.com\/wp-content\/uploads\/2023\/01\/Logo-Belona-Consultors.png\",\"width\":800,\"height\":350,\"caption\":\"Belona Consultors\"},\"image\":{\"@id\":\"https:\/\/belonaconsultors.com\/ca\/#\/schema\/logo\/image\/\"}}]}<\/script>\n<!-- \/ Yoast SEO plugin. -->","yoast_head_json":{"title":"Belona Consultors - Pol\u00edtica de Privacidad","robots":{"index":"noindex","follow":"nofollow"},"og_locale":"ca_ES","og_type":"article","og_title":"Belona Consultors - Pol\u00edtica de Privacidad","og_description":"Pol\u00edtica de Privacidad 1.- \u00bfQui\u00e9n es el Responsable del tratamiento de sus datos? La presente pol\u00edtica de privacidad (en adelante, la \u201cPol\u00edtica de Privacidad\u201d) aplica a todos los datos de car\u00e1cter personal que el usuario aporte a Belona Consultors SLP, con domicilio en Calle Sant Pere, n\u00fam. 19, 08470 Sant Celoni, Barcelona (en adelante \u201cBelona\u201d) &hellip; Pol\u00edtica de Privacidad Llegeix m\u00e9s &raquo;","og_url":"https:\/\/belonaconsultors.com\/ca\/politica-de-privacidad\/","og_site_name":"Belona Consultors","article_modified_time":"2023-03-13T11:03:11+00:00","twitter_card":"summary_large_image","twitter_misc":{"Temps estimat de lectura":"8 minuts"},"schema":{"@context":"https:\/\/schema.org","@graph":[{"@type":"WebPage","@id":"https:\/\/belonaconsultors.com\/es\/politica-de-privacidad\/","url":"https:\/\/belonaconsultors.com\/es\/politica-de-privacidad\/","name":"Belona Consultors - Pol\u00edtica de Privacidad","isPartOf":{"@id":"https:\/\/belonaconsultors.com\/ca\/#website"},"datePublished":"2023-03-13T10:32:54+00:00","dateModified":"2023-03-13T11:03:11+00:00","breadcrumb":{"@id":"https:\/\/belonaconsultors.com\/es\/politica-de-privacidad\/#breadcrumb"},"inLanguage":"ca","potentialAction":[{"@type":"ReadAction","target":["https:\/\/belonaconsultors.com\/es\/politica-de-privacidad\/"]}]},{"@type":"BreadcrumbList","@id":"https:\/\/belonaconsultors.com\/es\/politica-de-privacidad\/#breadcrumb","itemListElement":[{"@type":"ListItem","position":1,"name":"Portada","item":"https:\/\/belonaconsultors.com\/es\/"},{"@type":"ListItem","position":2,"name":"Pol\u00edtica de Privacidad"}]},{"@type":"WebSite","@id":"https:\/\/belonaconsultors.com\/ca\/#website","url":"https:\/\/belonaconsultors.com\/ca\/","name":"Belona Consultors","description":"Otro sitio realizado con WordPress","publisher":{"@id":"https:\/\/belonaconsultors.com\/ca\/#organization"},"potentialAction":[{"@type":"SearchAction","target":{"@type":"EntryPoint","urlTemplate":"https:\/\/belonaconsultors.com\/ca\/?s={search_term_string}"},"query-input":"required name=search_term_string"}],"inLanguage":"ca"},{"@type":"Organization","@id":"https:\/\/belonaconsultors.com\/ca\/#organization","name":"Belona Consultors","url":"https:\/\/belonaconsultors.com\/ca\/","logo":{"@type":"ImageObject","inLanguage":"ca","@id":"https:\/\/belonaconsultors.com\/ca\/#\/schema\/logo\/image\/","url":"https:\/\/belonaconsultors.com\/wp-content\/uploads\/2023\/01\/Logo-Belona-Consultors.png","contentUrl":"https:\/\/belonaconsultors.com\/wp-content\/uploads\/2023\/01\/Logo-Belona-Consultors.png","width":800,"height":350,"caption":"Belona Consultors"},"image":{"@id":"https:\/\/belonaconsultors.com\/ca\/#\/schema\/logo\/image\/"}}]}},"_links":{"self":[{"href":"https:\/\/belonaconsultors.com\/ca\/wp-json\/wp\/v2\/pages\/260","targetHints":{"allow":["GET"]}}],"collection":[{"href":"https:\/\/belonaconsultors.com\/ca\/wp-json\/wp\/v2\/pages"}],"about":[{"href":"https:\/\/belonaconsultors.com\/ca\/wp-json\/wp\/v2\/types\/page"}],"author":[{"embeddable":true,"href":"https:\/\/belonaconsultors.com\/ca\/wp-json\/wp\/v2\/users\/1"}],"replies":[{"embeddable":true,"href":"https:\/\/belonaconsultors.com\/ca\/wp-json\/wp\/v2\/comments?post=260"}],"version-history":[{"count":5,"href":"https:\/\/belonaconsultors.com\/ca\/wp-json\/wp\/v2\/pages\/260\/revisions"}],"predecessor-version":[{"id":279,"href":"https:\/\/belonaconsultors.com\/ca\/wp-json\/wp\/v2\/pages\/260\/revisions\/279"}],"wp:attachment":[{"href":"https:\/\/belonaconsultors.com\/ca\/wp-json\/wp\/v2\/media?parent=260"}],"curies":[{"name":"wp","href":"https:\/\/api.w.org\/{rel}","templated":true}]}}