{"id":266,"date":"2023-03-13T10:43:36","date_gmt":"2023-03-13T10:43:36","guid":{"rendered":"https:\/\/beta.belonaconsultors.com\/?page_id=266"},"modified":"2023-03-13T11:04:36","modified_gmt":"2023-03-13T11:04:36","slug":"aviso-legal","status":"publish","type":"page","link":"https:\/\/belonaconsultors.com\/ca\/aviso-legal\/","title":{"rendered":"Av\u00eds Legal"},"content":{"rendered":"<div data-elementor-type=\"wp-page\" data-elementor-id=\"266\" class=\"elementor elementor-266\">\n\t\t\t\t\t\t\t\t\t<section class=\"elementor-section elementor-top-section elementor-element elementor-element-b7be50e elementor-section-boxed elementor-section-height-default elementor-section-height-default\" data-id=\"b7be50e\" data-element_type=\"section\">\n\t\t\t\t\t\t<div class=\"elementor-container elementor-column-gap-default\">\n\t\t\t\t\t<div class=\"elementor-column elementor-col-100 elementor-top-column elementor-element elementor-element-fb41a8d\" data-id=\"fb41a8d\" data-element_type=\"column\">\n\t\t\t<div class=\"elementor-widget-wrap elementor-element-populated\">\n\t\t\t\t\t\t\t\t<div class=\"elementor-element elementor-element-4ad461e elementor-widget elementor-widget-heading\" data-id=\"4ad461e\" data-element_type=\"widget\" data-widget_type=\"heading.default\">\n\t\t\t\t<div class=\"elementor-widget-container\">\n\t\t\t<style>\/*! elementor - v3.14.0 - 26-06-2023 *\/\n.elementor-heading-title{padding:0;margin:0;line-height:1}.elementor-widget-heading .elementor-heading-title[class*=elementor-size-]>a{color:inherit;font-size:inherit;line-height:inherit}.elementor-widget-heading .elementor-heading-title.elementor-size-small{font-size:15px}.elementor-widget-heading .elementor-heading-title.elementor-size-medium{font-size:19px}.elementor-widget-heading .elementor-heading-title.elementor-size-large{font-size:29px}.elementor-widget-heading .elementor-heading-title.elementor-size-xl{font-size:39px}.elementor-widget-heading .elementor-heading-title.elementor-size-xxl{font-size:59px}<\/style><h2 class=\"elementor-heading-title elementor-size-default\">Av\u00eds Legal<\/h2>\t\t<\/div>\n\t\t\t\t<\/div>\n\t\t\t\t<div class=\"elementor-element elementor-element-d1e3b35 elementor-widget elementor-widget-text-editor\" data-id=\"d1e3b35\" data-element_type=\"widget\" data-widget_type=\"text-editor.default\">\n\t\t\t\t<div class=\"elementor-widget-container\">\n\t\t\t<style>\/*! elementor - v3.14.0 - 26-06-2023 *\/\n.elementor-widget-text-editor.elementor-drop-cap-view-stacked .elementor-drop-cap{background-color:#69727d;color:#fff}.elementor-widget-text-editor.elementor-drop-cap-view-framed .elementor-drop-cap{color:#69727d;border:3px solid;background-color:transparent}.elementor-widget-text-editor:not(.elementor-drop-cap-view-default) .elementor-drop-cap{margin-top:8px}.elementor-widget-text-editor:not(.elementor-drop-cap-view-default) .elementor-drop-cap-letter{width:1em;height:1em}.elementor-widget-text-editor .elementor-drop-cap{float:left;text-align:center;line-height:1;font-size:50px}.elementor-widget-text-editor .elementor-drop-cap-letter{display:inline-block}<\/style>\t\t\t\t<p>En compliment amb el deure d'informaci\u00f3 recollit en article 10 de la Llei 34\/2002, d'11 de juliol, de Serveis de la Societat de la Informaci\u00f3 i del Comer\u00e7 Electr\u00f2nic, a continuaci\u00f3 es reflecteixen les seg\u00fcents dades: l'empresa titular del domini web \u00e9s Belona Consultors, S.L.P. (d'ara endavant Belona), amb domicili a aquest efecte en Carrer Sant Pere, n\u00fam. 19, Sant Celoni, Barcelona, n\u00famero de C.I.F.: B66121922 inscrita en el Registre Mercantil de Barcelona en el tom 44005, Foli 199, Fulla B-444221.<\/p><p>Correu electr\u00f2nic de contacte: belona@belonaconsultors.com.<\/p><p><strong>USUARIS<\/strong><\/p><p>L'acc\u00e9s i\/o \u00fas d'aquest portal de Belona atribueix la condici\u00f3 d'USUARI, que accepta, des d'aquest acc\u00e9s i\/o \u00fas, les Condicions Generals d'\u00das aqu\u00ed reflectides. Les citades Condicions seran aplicable independentment de les Condicions Generals de Contractaci\u00f3 que si escau resultin d'obligat compliment.<\/p><p><strong>\u00daS DEL PORTAL<\/strong><\/p><p>www.belonaconsultors.com proporciona l'acc\u00e9s a multitud d'informacions, serveis, programes o dades (d'ara endavant, \u201cels continguts\u201d) en Internet pertanyents a Belona o als seus llicenciadors als quals l'USUARI pugui tenir acc\u00e9s. L'USUARI assumeix la responsabilitat de l'\u00fas del portal. Aquesta responsabilitat s'est\u00e9n al registre que fos necessari per a accedir a determinats serveis o continguts.<\/p><p>En aquest registre l'USUARI ser\u00e0 responsable d'aportar informaci\u00f3 vera\u00e7 i l\u00edcita. A conseq\u00fc\u00e8ncia d'aquest registre, a l'USUARI se li pot proporcionar una contrasenya de la qual ser\u00e0 responsable, comprometent-se a fer un \u00fas diligent i confidencial d'aquesta. L'USUARI es compromet a fer un \u00fas adequat dels continguts i serveis (com per exemple serveis de xat, f\u00f2rums de discussi\u00f3 o grups de not\u00edcies) que Belona ofereix a trav\u00e9s del seu portal i amb car\u00e0cter enunciatiu per\u00f2 no limitatiu, a no emprar-los per a (i) inc\u00f3rrer en activitats il\u00b7l\u00edcites, il\u00b7legals o contr\u00e0ries a la bona fe i a l'ordre p\u00fablic; (ii) difondre continguts o propaganda de car\u00e0cter racista, xen\u00f2fob, pornogr\u00e0fic-il\u00b7legal, d'apologia del terrorisme o atemptatori contra els drets humans; (iii) provocar danys en els sistemes f\u00edsics i l\u00f2gics de Belona, dels seus prove\u00efdors o de terceres persones, introduir o difondre en la xarxa virus inform\u00e0tics o qualssevol altres sistemes f\u00edsics o l\u00f2gics que siguin susceptibles de provocar els danys anteriorment esmentats; (iv) intentar accedir i, en el seu cas, utilitzar els comptes de correu electr\u00f2nic d'altres usuaris i modificar o manipular els seus missatges. Belona es reserva el dret de retirar tots aquells comentaris i aportacions que vulnerin el respecte a la dignitat de la persona, que siguin discriminatoris, xen\u00f2fobs, racistes, pornogr\u00e0fics, que atemptin contra la joventut o la inf\u00e0ncia, l'ordre o la seguretat p\u00fablica o que, al seu judici, no resultessin adequats per a la seva publicaci\u00f3. En qualsevol cas, Belona no ser\u00e0 responsable de les opinions abocades pels usuaris a trav\u00e9s dels f\u00f2rums, xats, o altres eines de participaci\u00f3.<\/p><p><strong>PROTECCI\u00d3 DE DADES.<\/strong><\/p><p>Belona compleix amb les directrius de la Llei org\u00e0nica 03\/2018 de 5 de desembre de Protecci\u00f3 de Dades de Car\u00e0cter Personal, i el Reglament (UE) 2016\/679 de 27 d'abril de 2016 (GDPR) altra normativa vigent a cada moment, i vela per garantir un correcte \u00fas i tractament de les dades personals de l'usuari. Per a aix\u00f2, al costat de cada formulari de recapto de dades de car\u00e0cter personal, en els serveis que l'usuari pugui sol\u00b7licitar a Belona, far\u00e0 saber a l'usuari de l'exist\u00e8ncia i acceptaci\u00f3 de les condicions particulars del tractament de les seves dades en cada cas, informant-lo de la responsabilitat del fitxer creat, la direcci\u00f3 del responsable, la possibilitat d'exercir els seus drets d'acc\u00e9s, rectificaci\u00f3, cancel\u00b7laci\u00f3 o oposici\u00f3, la finalitat del tractament i les comunicacions de dades a tercers en el seu cas.<br \/>Aix\u00ed mateix, Belona informa que dona compliment a la Llei 34\/2002 d'11 de juliol, de Serveis de la Societat de la Informaci\u00f3 i el Comer\u00e7 Electr\u00f2nic i li sol\u00b7licitar\u00e0 el seu consentiment al tractament del seu correu electr\u00f2nic amb finalitats comercials a cada moment.<\/p><p><strong>PROPIETAT INTEL\u00b7LECTUAL I INDUSTRIAL.<\/strong><\/p><p>Belona per si o com a cession\u00e0ria, \u00e9s titular de tots els drets de propietat intel\u00b7lectual i industrial de la seva p\u00e0gina web, aix\u00ed com dels elements continguts en la mateixa (a t\u00edtol enunciatiu, imatges, so, \u00e0udio, v\u00eddeo, programari o textos; marques o logotips, combinacions de colors, estructura i disseny, selecci\u00f3 de materials usats, programes d'ordinador necessaris per al seu funcionament, acc\u00e9s i \u00fas, etc.), titularitat de Belona o b\u00e9 dels seus llicenciadors.<\/p><p>Tots els drets reservats. En virtut del que es disposa en els articles 8 i 32.1, par\u00e0graf segon, de la Llei de Propietat Intel\u00b7lectual, queden expressament prohibides la reproducci\u00f3, la distribuci\u00f3 i la comunicaci\u00f3 p\u00fablica, inclosa la seva modalitat de posada a disposici\u00f3, de la totalitat o part dels continguts d'aquesta p\u00e0gina web, amb finalitats comercials, en qualsevol suport i per qualsevol mitj\u00e0 t\u00e8cnic, sense l'autoritzaci\u00f3 de Belona. L'USUARI es compromet a respectar els drets de Propietat Intel\u00b7lectual i Industrial titularitat de Belona. Podr\u00e0 visualitzar els elements del portal i fins i tot imprimir-los, copiar-los i emmagatzemar-los en el disc dur del seu ordinador o en qualsevol altre suport f\u00edsic sempre que sigui, exclusivament, per al seu \u00fas personal i privat. L'USUARI haur\u00e0 d'abstenir-se de suprimir, alterar, eludir o manipular qualsevol dispositiu de protecci\u00f3 o sistema de seguretat que estigu\u00e9s instal\u00b7lat en les p\u00e0gines de Belona.<\/p><p><strong>EXCLUSI\u00d3 DE GARANTIES I RESPONSABILITAT.<\/strong><\/p><p>Belona no es fa responsable, en cap cas, dels danys i perjudicis de qualsevol naturalesa que poguessin ocasionar, a t\u00edtol enunciatiu: errors o omissions en els continguts, falta de disponibilitat del portal o la transmissi\u00f3 de virus o programes maliciosos o lesius en els continguts, malgrat haver adoptat totes les mesures tecnol\u00f2giques necess\u00e0ries per a evitar-ho.<\/p><p><strong>MODIFICACIONS.<\/strong><\/p><p>Belona es reserva el dret d'efectuar sense previ av\u00eds les modificacions que consideri oportunes en el seu portal, podent canviar, suprimir o afegir tant els continguts i serveis que es prestin a trav\u00e9s de la mateixa com la forma en la qual aquests apareguin presentats o localitzats en el seu portal.<\/p><p><strong>ENLLA\u00c7OS.<\/strong><\/p><p>En el cas que en www.belonaconsultors.com es disposessin enlla\u00e7os o enlla\u00e7os feia altres llocs d'Internet, Belona no exercir\u00e0 cap mena de control sobre aquests llocs i continguts. En cap cas Belona assumir\u00e0 cap responsabilitat pels continguts d'algun enlla\u00e7 pertanyent a un lloc web ali\u00e8, ni garantir\u00e0 la disponibilitat t\u00e8cnica, qualitat, fiabilitat, exactitud, amplitud, veracitat, validesa i constitucionalitat de qualsevol material o informaci\u00f3 continguda en cap d'aquests enlla\u00e7os o altres llocs d'Internet. Igualment la inclusi\u00f3 d'aquestes connexions externes no implicar\u00e0 cap mena d'associaci\u00f3, fusi\u00f3 o participaci\u00f3 amb les entitats connectades.<\/p><p><strong>DRET D'EXCLUSI\u00d3.<\/strong><\/p><p>Belona es reserva el dret a denegar o retirar l'acc\u00e9s a portal i\/o els serveis oferts sense necessitat de preav\u00eds, a inst\u00e0ncia pr\u00f2pia o d'un tercer, a aquells usuaris que incompleixin les presents Condicions Generals d'\u00das.<\/p><p><strong>GENERALITATS.<\/strong><\/p><p>Belona perseguir\u00e0 l'incompliment de les presents condicions aix\u00ed com qualsevol utilitzaci\u00f3 indeguda del seu portal exercint totes les accions civils i penals que li puguin correspondre en dret.<\/p><p><strong>MODIFICACI\u00d3 DE LES PRESENTS CONDICIONS I DURADA.<\/strong><\/p><p>Belona podr\u00e0 modificar en qualsevol moment les condicions aqu\u00ed determinades, sent degudament publicades com aqu\u00ed apareixen.<br \/>La vig\u00e8ncia de les citades condicions anir\u00e0 en funci\u00f3 de la seva exposici\u00f3 i estaran vigents fins que siguin modificades per unes altres.<\/p><p><strong>LEGISLACI\u00d3 APLICABLE I JURISDICCI\u00d3.<\/strong><\/p><p>La relaci\u00f3 entre Belona i l'USUARI es regir\u00e0 per la normativa espanyola vigent i qualsevol controv\u00e8rsia se sotmetr\u00e0 als Jutjats i tribunals de la ciutat de Granollers.<\/p>\t\t\t\t\t\t<\/div>\n\t\t\t\t<\/div>\n\t\t\t\t\t<\/div>\n\t\t<\/div>\n\t\t\t\t\t\t\t<\/div>\n\t\t<\/section>\n\t\t\t\t\t\t\t<\/div>","protected":false},"excerpt":{"rendered":"<p>Aviso Legal En cumplimiento con el deber de informaci\u00f3n recogido en art\u00edculo 10 de la Ley 34\/2002, de 11 de julio, de Servicios de la Sociedad de la Informaci\u00f3n y del Comercio Electr\u00f3nico, a continuaci\u00f3n se reflejan los siguientes datos: la empresa titular del dominio web es Belona Consultors, S.L.P. (en adelante Belona), con domicilio &hellip;<\/p>\n<p class=\"read-more\"> <a class=\"\" href=\"https:\/\/belonaconsultors.com\/ca\/aviso-legal\/\"> <span class=\"screen-reader-text\">Av\u00eds Legal<\/span> Llegeix m\u00e9s &raquo;<\/a><\/p>","protected":false},"author":1,"featured_media":0,"parent":0,"menu_order":0,"comment_status":"closed","ping_status":"closed","template":"","meta":{"site-sidebar-layout":"no-sidebar","site-content-layout":"page-builder","ast-global-header-display":"","ast-main-header-display":"","ast-hfb-above-header-display":"","ast-hfb-below-header-display":"","ast-hfb-mobile-header-display":"","site-post-title":"disabled","ast-breadcrumbs-content":"","ast-featured-img":"disabled","footer-sml-layout":"","theme-transparent-header-meta":"","adv-header-id-meta":"","stick-header-meta":"","header-above-stick-meta":"","header-main-stick-meta":"","header-below-stick-meta":"","footnotes":""},"class_list":["post-266","page","type-page","status-publish","hentry"],"yoast_head":"<!-- This site is optimized with the Yoast SEO plugin v20.12 - https:\/\/yoast.com\/wordpress\/plugins\/seo\/ -->\n<title>Belona Consultors - Aviso Legal<\/title>\n<meta name=\"robots\" content=\"noindex, nofollow\" \/>\n<meta property=\"og:locale\" content=\"ca_ES\" \/>\n<meta property=\"og:type\" content=\"article\" \/>\n<meta property=\"og:title\" content=\"Belona Consultors - Aviso Legal\" \/>\n<meta property=\"og:description\" content=\"Aviso Legal En cumplimiento con el deber de informaci\u00f3n recogido en art\u00edculo 10 de la Ley 34\/2002, de 11 de julio, de Servicios de la Sociedad de la Informaci\u00f3n y del Comercio Electr\u00f3nico, a continuaci\u00f3n se reflejan los siguientes datos: la empresa titular del dominio web es Belona Consultors, S.L.P. (en adelante Belona), con domicilio &hellip; Aviso Legal Llegeix m\u00e9s &raquo;\" \/>\n<meta property=\"og:url\" content=\"https:\/\/belonaconsultors.com\/ca\/aviso-legal\/\" \/>\n<meta property=\"og:site_name\" content=\"Belona Consultors\" \/>\n<meta property=\"article:modified_time\" content=\"2023-03-13T11:04:36+00:00\" \/>\n<meta name=\"twitter:card\" content=\"summary_large_image\" \/>\n<meta name=\"twitter:label1\" content=\"Temps estimat de lectura\" \/>\n\t<meta name=\"twitter:data1\" content=\"6 minuts\" \/>\n<script type=\"application\/ld+json\" class=\"yoast-schema-graph\">{\"@context\":\"https:\/\/schema.org\",\"@graph\":[{\"@type\":\"WebPage\",\"@id\":\"https:\/\/belonaconsultors.com\/ca\/aviso-legal\/\",\"url\":\"https:\/\/belonaconsultors.com\/ca\/aviso-legal\/\",\"name\":\"Belona Consultors - Aviso Legal\",\"isPartOf\":{\"@id\":\"https:\/\/belonaconsultors.com\/ca\/#website\"},\"datePublished\":\"2023-03-13T10:43:36+00:00\",\"dateModified\":\"2023-03-13T11:04:36+00:00\",\"breadcrumb\":{\"@id\":\"https:\/\/belonaconsultors.com\/ca\/aviso-legal\/#breadcrumb\"},\"inLanguage\":\"ca\",\"potentialAction\":[{\"@type\":\"ReadAction\",\"target\":[\"https:\/\/belonaconsultors.com\/ca\/aviso-legal\/\"]}]},{\"@type\":\"BreadcrumbList\",\"@id\":\"https:\/\/belonaconsultors.com\/ca\/aviso-legal\/#breadcrumb\",\"itemListElement\":[{\"@type\":\"ListItem\",\"position\":1,\"name\":\"Portada\",\"item\":\"https:\/\/belonaconsultors.com\/es\/\"},{\"@type\":\"ListItem\",\"position\":2,\"name\":\"Aviso Legal\"}]},{\"@type\":\"WebSite\",\"@id\":\"https:\/\/belonaconsultors.com\/ca\/#website\",\"url\":\"https:\/\/belonaconsultors.com\/ca\/\",\"name\":\"Belona Consultors\",\"description\":\"Otro sitio realizado con WordPress\",\"publisher\":{\"@id\":\"https:\/\/belonaconsultors.com\/ca\/#organization\"},\"potentialAction\":[{\"@type\":\"SearchAction\",\"target\":{\"@type\":\"EntryPoint\",\"urlTemplate\":\"https:\/\/belonaconsultors.com\/ca\/?s={search_term_string}\"},\"query-input\":\"required name=search_term_string\"}],\"inLanguage\":\"ca\"},{\"@type\":\"Organization\",\"@id\":\"https:\/\/belonaconsultors.com\/ca\/#organization\",\"name\":\"Belona Consultors\",\"url\":\"https:\/\/belonaconsultors.com\/ca\/\",\"logo\":{\"@type\":\"ImageObject\",\"inLanguage\":\"ca\",\"@id\":\"https:\/\/belonaconsultors.com\/ca\/#\/schema\/logo\/image\/\",\"url\":\"https:\/\/belonaconsultors.com\/wp-content\/uploads\/2023\/01\/Logo-Belona-Consultors.png\",\"contentUrl\":\"https:\/\/belonaconsultors.com\/wp-content\/uploads\/2023\/01\/Logo-Belona-Consultors.png\",\"width\":800,\"height\":350,\"caption\":\"Belona Consultors\"},\"image\":{\"@id\":\"https:\/\/belonaconsultors.com\/ca\/#\/schema\/logo\/image\/\"}}]}<\/script>\n<!-- \/ Yoast SEO plugin. -->","yoast_head_json":{"title":"Belona Consultors - Aviso Legal","robots":{"index":"noindex","follow":"nofollow"},"og_locale":"ca_ES","og_type":"article","og_title":"Belona Consultors - Aviso Legal","og_description":"Aviso Legal En cumplimiento con el deber de informaci\u00f3n recogido en art\u00edculo 10 de la Ley 34\/2002, de 11 de julio, de Servicios de la Sociedad de la Informaci\u00f3n y del Comercio Electr\u00f3nico, a continuaci\u00f3n se reflejan los siguientes datos: la empresa titular del dominio web es Belona Consultors, S.L.P. (en adelante Belona), con domicilio &hellip; Aviso Legal Llegeix m\u00e9s &raquo;","og_url":"https:\/\/belonaconsultors.com\/ca\/aviso-legal\/","og_site_name":"Belona Consultors","article_modified_time":"2023-03-13T11:04:36+00:00","twitter_card":"summary_large_image","twitter_misc":{"Temps estimat de lectura":"6 minuts"},"schema":{"@context":"https:\/\/schema.org","@graph":[{"@type":"WebPage","@id":"https:\/\/belonaconsultors.com\/ca\/aviso-legal\/","url":"https:\/\/belonaconsultors.com\/ca\/aviso-legal\/","name":"Belona Consultors - Aviso Legal","isPartOf":{"@id":"https:\/\/belonaconsultors.com\/ca\/#website"},"datePublished":"2023-03-13T10:43:36+00:00","dateModified":"2023-03-13T11:04:36+00:00","breadcrumb":{"@id":"https:\/\/belonaconsultors.com\/ca\/aviso-legal\/#breadcrumb"},"inLanguage":"ca","potentialAction":[{"@type":"ReadAction","target":["https:\/\/belonaconsultors.com\/ca\/aviso-legal\/"]}]},{"@type":"BreadcrumbList","@id":"https:\/\/belonaconsultors.com\/ca\/aviso-legal\/#breadcrumb","itemListElement":[{"@type":"ListItem","position":1,"name":"Portada","item":"https:\/\/belonaconsultors.com\/es\/"},{"@type":"ListItem","position":2,"name":"Aviso Legal"}]},{"@type":"WebSite","@id":"https:\/\/belonaconsultors.com\/ca\/#website","url":"https:\/\/belonaconsultors.com\/ca\/","name":"Belona Consultors","description":"Otro sitio realizado con WordPress","publisher":{"@id":"https:\/\/belonaconsultors.com\/ca\/#organization"},"potentialAction":[{"@type":"SearchAction","target":{"@type":"EntryPoint","urlTemplate":"https:\/\/belonaconsultors.com\/ca\/?s={search_term_string}"},"query-input":"required name=search_term_string"}],"inLanguage":"ca"},{"@type":"Organization","@id":"https:\/\/belonaconsultors.com\/ca\/#organization","name":"Belona Consultors","url":"https:\/\/belonaconsultors.com\/ca\/","logo":{"@type":"ImageObject","inLanguage":"ca","@id":"https:\/\/belonaconsultors.com\/ca\/#\/schema\/logo\/image\/","url":"https:\/\/belonaconsultors.com\/wp-content\/uploads\/2023\/01\/Logo-Belona-Consultors.png","contentUrl":"https:\/\/belonaconsultors.com\/wp-content\/uploads\/2023\/01\/Logo-Belona-Consultors.png","width":800,"height":350,"caption":"Belona Consultors"},"image":{"@id":"https:\/\/belonaconsultors.com\/ca\/#\/schema\/logo\/image\/"}}]}},"_links":{"self":[{"href":"https:\/\/belonaconsultors.com\/ca\/wp-json\/wp\/v2\/pages\/266","targetHints":{"allow":["GET"]}}],"collection":[{"href":"https:\/\/belonaconsultors.com\/ca\/wp-json\/wp\/v2\/pages"}],"about":[{"href":"https:\/\/belonaconsultors.com\/ca\/wp-json\/wp\/v2\/types\/page"}],"author":[{"embeddable":true,"href":"https:\/\/belonaconsultors.com\/ca\/wp-json\/wp\/v2\/users\/1"}],"replies":[{"embeddable":true,"href":"https:\/\/belonaconsultors.com\/ca\/wp-json\/wp\/v2\/comments?post=266"}],"version-history":[{"count":5,"href":"https:\/\/belonaconsultors.com\/ca\/wp-json\/wp\/v2\/pages\/266\/revisions"}],"predecessor-version":[{"id":281,"href":"https:\/\/belonaconsultors.com\/ca\/wp-json\/wp\/v2\/pages\/266\/revisions\/281"}],"wp:attachment":[{"href":"https:\/\/belonaconsultors.com\/ca\/wp-json\/wp\/v2\/media?parent=266"}],"curies":[{"name":"wp","href":"https:\/\/api.w.org\/{rel}","templated":true}]}}