{"id":272,"date":"2023-03-13T10:49:59","date_gmt":"2023-03-13T10:49:59","guid":{"rendered":"https:\/\/beta.belonaconsultors.com\/?page_id=272"},"modified":"2023-03-13T11:03:47","modified_gmt":"2023-03-13T11:03:47","slug":"politica-de-cookies","status":"publish","type":"page","link":"https:\/\/belonaconsultors.com\/ca\/politica-de-cookies\/","title":{"rendered":"Pol\u00edtica de Cookies"},"content":{"rendered":"<div data-elementor-type=\"wp-page\" data-elementor-id=\"272\" class=\"elementor elementor-272\">\n\t\t\t\t\t\t\t\t\t<section class=\"elementor-section elementor-top-section elementor-element elementor-element-62cf340 elementor-section-boxed elementor-section-height-default elementor-section-height-default\" data-id=\"62cf340\" data-element_type=\"section\">\n\t\t\t\t\t\t<div class=\"elementor-container elementor-column-gap-default\">\n\t\t\t\t\t<div class=\"elementor-column elementor-col-100 elementor-top-column elementor-element elementor-element-813cd4a\" data-id=\"813cd4a\" data-element_type=\"column\">\n\t\t\t<div class=\"elementor-widget-wrap elementor-element-populated\">\n\t\t\t\t\t\t\t\t<div class=\"elementor-element elementor-element-a752d48 elementor-widget elementor-widget-heading\" data-id=\"a752d48\" data-element_type=\"widget\" data-widget_type=\"heading.default\">\n\t\t\t\t<div class=\"elementor-widget-container\">\n\t\t\t<style>\/*! elementor - v3.14.0 - 26-06-2023 *\/\n.elementor-heading-title{padding:0;margin:0;line-height:1}.elementor-widget-heading .elementor-heading-title[class*=elementor-size-]>a{color:inherit;font-size:inherit;line-height:inherit}.elementor-widget-heading .elementor-heading-title.elementor-size-small{font-size:15px}.elementor-widget-heading .elementor-heading-title.elementor-size-medium{font-size:19px}.elementor-widget-heading .elementor-heading-title.elementor-size-large{font-size:29px}.elementor-widget-heading .elementor-heading-title.elementor-size-xl{font-size:39px}.elementor-widget-heading .elementor-heading-title.elementor-size-xxl{font-size:59px}<\/style><h2 class=\"elementor-heading-title elementor-size-default\">Pol\u00edtica de Cookies<\/h2>\t\t<\/div>\n\t\t\t\t<\/div>\n\t\t\t\t<div class=\"elementor-element elementor-element-0fb0165 elementor-widget elementor-widget-text-editor\" data-id=\"0fb0165\" data-element_type=\"widget\" data-widget_type=\"text-editor.default\">\n\t\t\t\t<div class=\"elementor-widget-container\">\n\t\t\t<style>\/*! elementor - v3.14.0 - 26-06-2023 *\/\n.elementor-widget-text-editor.elementor-drop-cap-view-stacked .elementor-drop-cap{background-color:#69727d;color:#fff}.elementor-widget-text-editor.elementor-drop-cap-view-framed .elementor-drop-cap{color:#69727d;border:3px solid;background-color:transparent}.elementor-widget-text-editor:not(.elementor-drop-cap-view-default) .elementor-drop-cap{margin-top:8px}.elementor-widget-text-editor:not(.elementor-drop-cap-view-default) .elementor-drop-cap-letter{width:1em;height:1em}.elementor-widget-text-editor .elementor-drop-cap{float:left;text-align:center;line-height:1;font-size:50px}.elementor-widget-text-editor .elementor-drop-cap-letter{display:inline-block}<\/style>\t\t\t\t<p><strong>Introducci\u00f3<\/strong>.<\/p>\n<p>El nostre lloc web, https:\/\/belonaconsulrors.com (d'ara endavant \u201cel lloc web\u201d) utilitza galetes i altres tecnologies relacionades (per comoditat, totes les tecnologies se de Nombreinan \u201cgaletes\u201d). Les galetes tamb\u00e9 s\u00f3n col\u00b7locades per tercers que hem contractat. En el document seg\u00fcent us informem sobre l'\u00fas de les galetes al nostre lloc web.<\/p>\n<p><strong>Qu\u00e8 s\u00f3n les cookies?<\/strong><\/p>\n<p>Una cookie \u00e9s un fitxer petit i senzill que s'envia juntament amb p\u00e0gines d'aquest lloc web i que el vostre navegador emmagatzema al disc portar de l'ordinador o un altre dispositiu. La informaci\u00f3 emmagatzemada en ell es pot tornar als nostres servidors o als servidors dels tercers corresponents durant una visita posterior.<\/p>\n<p><strong>Quins s\u00f3n els scripts?<\/strong><\/p>\n<p>Un script \u00e9s una pe\u00e7a de codi de programari que s'utilitza perqu\u00e8 el nostre web funcioni correctament i interactivament. Aquest codi s'executa al nostre servidor o al vostre dispositiu.<\/p>\n<p><strong>Qu\u00e8 \u00e9s un web beacon?<\/strong><\/p>\n<p>Una balisa web (o una etiqueta de p\u00edxel) \u00e9s una petita i invisible pe\u00e7a de text o imatge en un lloc web que s'utilitza per a controlar el tr\u00e0nsit d'un lloc web. Per a fer-ho, s'emmagatzemen diverses dades utilitzant balises web.<\/p>\n<p><strong>Cookies.<\/strong><\/p>\n<p><span style=\"text-decoration: underline;\"><span style=\"font-style: inherit; font-weight: inherit; background-color: var(--ast-global-color-5);\">Cookies t\u00e8cniques o funcionals.<\/span><\/span><\/p>\n<p><span style=\"font-style: inherit; font-weight: inherit; background-color: var(--ast-global-color-5);\">Algunes cookies asseguren que unes certes parts del lloc web funcionen correctament i que les prefer\u00e8ncies dels usuaris continu\u00efn sent conegudes. Utilitzant cookies funcionals, us facilitem que visiteu el nostre lloc web. D'aquesta manera, no fa falta que introdu\u00efu repetidament la mateixa informaci\u00f3 quan visiteu el nostre lloc web i, per exemple, els elements romanen en el carret de la compra fins que h\u00e0giu pagat. Podem posar aquestes cookies sense el vostre consentiment.<\/span><\/p>\n<p><span style=\"text-decoration: underline;\"><span style=\"font-style: inherit; font-weight: inherit; background-color: var(--ast-global-color-5);\">Galetes anal\u00edtiques<\/span><\/span><\/p>\n<p><span style=\"font-style: inherit; font-weight: inherit; background-color: var(--ast-global-color-5);\">Com que les estad\u00edstiques s'estan rastrejant de manera an\u00f2nima, no s'ha sol\u00b7licitat cap perm\u00eds per a fer galetes anal\u00edtiques.<\/span><\/p>\n<p><span style=\"text-decoration: underline;\">Botons de mitjans socials.<\/span><\/p>\n<p>En la nostra web hem incl\u00f2s botons per a Facebook i LinkedIn promoure p\u00e0gines web (p. ex. \u201clike, \u201cpin\u201d) o compartir-les (p. ex. \u201ctuit\u201d) en xarxes socials com Facebook i LinkedIn. Aquests botons funcionen utilitzant codi provinent de Facebook i LinkedIn. Aquest codi col\u00b7loca cookies. Aquests botons de xarxes socials poden emmagatzemar i processar informaci\u00f3, pel qual poden mostrar-vos anuncis personalitzats.<br>Llegiu, si us plau, la pol\u00edtica de privacitat d'aquestes xarxes socials (que poden canviar regularment) per a entendre qu\u00e8 fan amb les vostres dades personals processaments utilitzant aquestes cookies. Les dades recuperades s\u00f3n anonimitzades el m\u00e0xim possible. Facebook i LinkedIn estan situats als Estats Units d'Am\u00e8rica.<\/p>\n<p><b>Consentiment.<\/b><\/p>\n<p>Quan visiteu el nostre lloc web per primera vegada, us mostrarem un missatge emergent amb una explicaci\u00f3 sobre les galetes. Tan bon punt com feu clic a \u201cGuardar les prefer\u00e8ncies\u201d, ens consentiu a utilitzar les categories de galetes i extensions que heu seleccionat al missatge emergent, tal com es descriu en aquesta Pol\u00edtica de galetes. Podeu desactivar l'\u00fas de galetes a trav\u00e9s del vostre navegador, per\u00f2 tingueu en compte que pot ser que el nostre lloc web ja no funcioni correctament.<\/p>\n<p><b>TRACTAMENT DE DADES PERSONALS.<\/b><\/p>\n<p>BELONA CONSULTORS, SLP \u00e9s el Responsable del tractament de les dades personals de l'Interessat i l'informa que aquestes dades seran tractades de conformitat amb el que es disposa en el Reglament (UE) 2016\/679, de 27 d'abril de 2016 (GDPR), per la qual cosa se li facilita la seg\u00fcent informaci\u00f3 del tractament:<\/p>\n<ol>\n<li>Fins del tractament: segons s'especifica en l'apartat de cookies que s'utilitzen en aquest lloc web.<\/li>\n<li>Legitimaci\u00f3 del tractament: per consentiment de l'interessat (art. 6.1 GDPR).<\/li>\n<li>Criteris de conservaci\u00f3 de les dades: segons s'especifica en l'apartat de cookies utilitzades en la web.<\/li>\n<li>Comunicaci\u00f3 de les dades: no es comunicaran les dades a tercers, excepte en cookies propietat de tercers o per obligaci\u00f3 legal.<\/li>\n<li>Drets que assisteixen a l'Interessat:<\/li>\n<\/ol>\n<ul>\n<li><span style=\"font-style: inherit; font-weight: inherit; background-color: var(--ast-global-color-5);\">Dret a retirar el consentiment en qualsevol moment.<\/span><\/li>\n<li>Dret d'acc\u00e9s, rectificaci\u00f3, portabilitat i supressi\u00f3 de les seves dades i a la limitaci\u00f3 o oposici\u00f3 al seu tractament.<\/li>\n<li>Dret a presentar una reclamaci\u00f3 davant l'Autoritat de control (www.aepd.es) si considera que el tractament no s'ajusta a la normativa vigent.<\/li>\n<\/ul>\n<p><b>Dades de contacte per a exercir els seus drets:<\/b><\/p>\n<p>BELONA CONSULTORS, SLP. SANT PERE 19 \u2013 08470 SANT CELONI (Barcelona). Email: dpd@belonaconsultors.com<\/p>\n<p><b>COM GESTIONAR LES COOKIES DES DEL NAVEGADOR.<\/b><\/p>\n<p><b>Eliminar les cookies del dispositiu:<\/b> Les cookies que ja estan en un dispositiu es poden eliminar esborrant l'historial del navegador, amb el que se suprimeixen les cookies de tots els llocs web visitats.<br>No obstant aix\u00f2, tamb\u00e9 es pot perdre part de la informaci\u00f3 guardada (per exemple, les dades d'inici de sessi\u00f3 o les prefer\u00e8ncies de lloc web).<\/p>\n<p><b>Gestionar les cookies espec\u00edfiques del lloc: <\/b>Per a tenir un control m\u00e9s prec\u00eds de les cookies espec\u00edfiques de cada lloc, els usuaris poden ajustar la seva configuraci\u00f3 de privacitat i cookies en el navegador.<\/p>\n<p><b>Bloquejar les cookies:<\/b> Encara que la majoria dels navegadors moderns es poden configurar per a evitar que s'instal\u00b7lin cookies en els dispositius, aix\u00f2 pot obligar a l'ajust manual de determinades prefer\u00e8ncies cada vegada que es visiti un lloc o p\u00e0gina. A m\u00e9s, alguns serveis i caracter\u00edstiques poden no funcionar correctament (per exemple, els inicis de sessi\u00f3 amb perfil).<\/p>\n<ul>\n<li><b>Chrome:<\/b> http:\/\/support.google.com\/chrome\/answer\/95647?hl=es <\/li>\n<li><b>Internet Explorer Versi\u00f3 11:<\/b> https:\/\/support.microsoft.com\/es-es\/help\/278835\/how-to-delete-cookie-files-in-internet-explorer <\/li>\n<li><b>Firefox Versi\u00f3 65.0.1:<\/b> https:\/\/www.mozilla.org\/es-ES\/privacy\/websites\/#cookies <\/li>\n<li><b>Safari Versi\u00f3 5.1: <\/b>https:\/\/support.apple.com\/es-es\/guide\/safari\/sfri11471\/mac <\/li>\n<li><b>Opera:<\/b> https:\/\/help.opera.com\/en\/latest\/security-and-privacy\/#clearBrowsingData<\/li>\n<\/ul>\n<p>Aquesta pol\u00edtica de cookies ha estat sincronitzada amb cookiedatabase.org el 4 novembre, 2020.<\/p>\t\t\t\t\t\t<\/div>\n\t\t\t\t<\/div>\n\t\t\t\t\t<\/div>\n\t\t<\/div>\n\t\t\t\t\t\t\t<\/div>\n\t\t<\/section>\n\t\t\t\t\t\t\t<\/div>","protected":false},"excerpt":{"rendered":"<p>Pol\u00edtica de Cookies Introducci\u00f3n. Nuestro sitio web, https:\/\/belonaconsulrors.com (de ahora en adelante \u201cel sitio web\u201d) utiliza galletas y otras tecnolog\u00edas relacionadas (por comodidad, todas las tecnolog\u00edas se de Nombreinan \u201cgalletas\u201d). Las galletas tambi\u00e9n son colocadas por terceros que hemos contratado. En el documento siguiente os informamos sobre el uso de las galletas a nuestro sitio &hellip;<\/p>\n<p class=\"read-more\"> <a class=\"\" href=\"https:\/\/belonaconsultors.com\/ca\/politica-de-cookies\/\"> <span class=\"screen-reader-text\">Pol\u00edtica de Cookies<\/span> Llegeix m\u00e9s &raquo;<\/a><\/p>","protected":false},"author":1,"featured_media":0,"parent":0,"menu_order":0,"comment_status":"closed","ping_status":"closed","template":"","meta":{"site-sidebar-layout":"no-sidebar","site-content-layout":"page-builder","ast-global-header-display":"","ast-main-header-display":"","ast-hfb-above-header-display":"","ast-hfb-below-header-display":"","ast-hfb-mobile-header-display":"","site-post-title":"disabled","ast-breadcrumbs-content":"","ast-featured-img":"disabled","footer-sml-layout":"","theme-transparent-header-meta":"","adv-header-id-meta":"","stick-header-meta":"","header-above-stick-meta":"","header-main-stick-meta":"","header-below-stick-meta":"","footnotes":""},"class_list":["post-272","page","type-page","status-publish","hentry"],"yoast_head":"<!-- This site is optimized with the Yoast SEO plugin v20.12 - https:\/\/yoast.com\/wordpress\/plugins\/seo\/ -->\n<title>Belona Consultors - Pol\u00edtica de Cookies<\/title>\n<meta name=\"robots\" content=\"noindex, nofollow\" \/>\n<meta property=\"og:locale\" content=\"ca_ES\" \/>\n<meta property=\"og:type\" content=\"article\" \/>\n<meta property=\"og:title\" content=\"Belona Consultors - Pol\u00edtica de Cookies\" \/>\n<meta property=\"og:description\" content=\"Pol\u00edtica de Cookies Introducci\u00f3n. Nuestro sitio web, https:\/\/belonaconsulrors.com (de ahora en adelante \u201cel sitio web\u201d) utiliza galletas y otras tecnolog\u00edas relacionadas (por comodidad, todas las tecnolog\u00edas se de Nombreinan \u201cgalletas\u201d). Las galletas tambi\u00e9n son colocadas por terceros que hemos contratado. En el documento siguiente os informamos sobre el uso de las galletas a nuestro sitio &hellip; Pol\u00edtica de Cookies Llegeix m\u00e9s &raquo;\" \/>\n<meta property=\"og:url\" content=\"https:\/\/belonaconsultors.com\/ca\/politica-de-cookies\/\" \/>\n<meta property=\"og:site_name\" content=\"Belona Consultors\" \/>\n<meta property=\"article:modified_time\" content=\"2023-03-13T11:03:47+00:00\" \/>\n<meta name=\"twitter:card\" content=\"summary_large_image\" \/>\n<meta name=\"twitter:label1\" content=\"Temps estimat de lectura\" \/>\n\t<meta name=\"twitter:data1\" content=\"4 minuts\" \/>\n<script type=\"application\/ld+json\" class=\"yoast-schema-graph\">{\"@context\":\"https:\/\/schema.org\",\"@graph\":[{\"@type\":\"WebPage\",\"@id\":\"https:\/\/belonaconsultors.com\/ca\/politica-de-cookies\/\",\"url\":\"https:\/\/belonaconsultors.com\/ca\/politica-de-cookies\/\",\"name\":\"Belona Consultors - Pol\u00edtica de Cookies\",\"isPartOf\":{\"@id\":\"https:\/\/belonaconsultors.com\/ca\/#website\"},\"datePublished\":\"2023-03-13T10:49:59+00:00\",\"dateModified\":\"2023-03-13T11:03:47+00:00\",\"breadcrumb\":{\"@id\":\"https:\/\/belonaconsultors.com\/ca\/politica-de-cookies\/#breadcrumb\"},\"inLanguage\":\"ca\",\"potentialAction\":[{\"@type\":\"ReadAction\",\"target\":[\"https:\/\/belonaconsultors.com\/ca\/politica-de-cookies\/\"]}]},{\"@type\":\"BreadcrumbList\",\"@id\":\"https:\/\/belonaconsultors.com\/ca\/politica-de-cookies\/#breadcrumb\",\"itemListElement\":[{\"@type\":\"ListItem\",\"position\":1,\"name\":\"Portada\",\"item\":\"https:\/\/belonaconsultors.com\/es\/\"},{\"@type\":\"ListItem\",\"position\":2,\"name\":\"Pol\u00edtica de Cookies\"}]},{\"@type\":\"WebSite\",\"@id\":\"https:\/\/belonaconsultors.com\/ca\/#website\",\"url\":\"https:\/\/belonaconsultors.com\/ca\/\",\"name\":\"Belona Consultors\",\"description\":\"Otro sitio realizado con WordPress\",\"publisher\":{\"@id\":\"https:\/\/belonaconsultors.com\/ca\/#organization\"},\"potentialAction\":[{\"@type\":\"SearchAction\",\"target\":{\"@type\":\"EntryPoint\",\"urlTemplate\":\"https:\/\/belonaconsultors.com\/ca\/?s={search_term_string}\"},\"query-input\":\"required name=search_term_string\"}],\"inLanguage\":\"ca\"},{\"@type\":\"Organization\",\"@id\":\"https:\/\/belonaconsultors.com\/ca\/#organization\",\"name\":\"Belona Consultors\",\"url\":\"https:\/\/belonaconsultors.com\/ca\/\",\"logo\":{\"@type\":\"ImageObject\",\"inLanguage\":\"ca\",\"@id\":\"https:\/\/belonaconsultors.com\/ca\/#\/schema\/logo\/image\/\",\"url\":\"https:\/\/belonaconsultors.com\/wp-content\/uploads\/2023\/01\/Logo-Belona-Consultors.png\",\"contentUrl\":\"https:\/\/belonaconsultors.com\/wp-content\/uploads\/2023\/01\/Logo-Belona-Consultors.png\",\"width\":800,\"height\":350,\"caption\":\"Belona Consultors\"},\"image\":{\"@id\":\"https:\/\/belonaconsultors.com\/ca\/#\/schema\/logo\/image\/\"}}]}<\/script>\n<!-- \/ Yoast SEO plugin. -->","yoast_head_json":{"title":"Belona Consultors - Pol\u00edtica de Cookies","robots":{"index":"noindex","follow":"nofollow"},"og_locale":"ca_ES","og_type":"article","og_title":"Belona Consultors - Pol\u00edtica de Cookies","og_description":"Pol\u00edtica de Cookies Introducci\u00f3n. Nuestro sitio web, https:\/\/belonaconsulrors.com (de ahora en adelante \u201cel sitio web\u201d) utiliza galletas y otras tecnolog\u00edas relacionadas (por comodidad, todas las tecnolog\u00edas se de Nombreinan \u201cgalletas\u201d). Las galletas tambi\u00e9n son colocadas por terceros que hemos contratado. En el documento siguiente os informamos sobre el uso de las galletas a nuestro sitio &hellip; Pol\u00edtica de Cookies Llegeix m\u00e9s &raquo;","og_url":"https:\/\/belonaconsultors.com\/ca\/politica-de-cookies\/","og_site_name":"Belona Consultors","article_modified_time":"2023-03-13T11:03:47+00:00","twitter_card":"summary_large_image","twitter_misc":{"Temps estimat de lectura":"4 minuts"},"schema":{"@context":"https:\/\/schema.org","@graph":[{"@type":"WebPage","@id":"https:\/\/belonaconsultors.com\/ca\/politica-de-cookies\/","url":"https:\/\/belonaconsultors.com\/ca\/politica-de-cookies\/","name":"Belona Consultors - Pol\u00edtica de Cookies","isPartOf":{"@id":"https:\/\/belonaconsultors.com\/ca\/#website"},"datePublished":"2023-03-13T10:49:59+00:00","dateModified":"2023-03-13T11:03:47+00:00","breadcrumb":{"@id":"https:\/\/belonaconsultors.com\/ca\/politica-de-cookies\/#breadcrumb"},"inLanguage":"ca","potentialAction":[{"@type":"ReadAction","target":["https:\/\/belonaconsultors.com\/ca\/politica-de-cookies\/"]}]},{"@type":"BreadcrumbList","@id":"https:\/\/belonaconsultors.com\/ca\/politica-de-cookies\/#breadcrumb","itemListElement":[{"@type":"ListItem","position":1,"name":"Portada","item":"https:\/\/belonaconsultors.com\/es\/"},{"@type":"ListItem","position":2,"name":"Pol\u00edtica de Cookies"}]},{"@type":"WebSite","@id":"https:\/\/belonaconsultors.com\/ca\/#website","url":"https:\/\/belonaconsultors.com\/ca\/","name":"Belona Consultors","description":"Otro sitio realizado con WordPress","publisher":{"@id":"https:\/\/belonaconsultors.com\/ca\/#organization"},"potentialAction":[{"@type":"SearchAction","target":{"@type":"EntryPoint","urlTemplate":"https:\/\/belonaconsultors.com\/ca\/?s={search_term_string}"},"query-input":"required name=search_term_string"}],"inLanguage":"ca"},{"@type":"Organization","@id":"https:\/\/belonaconsultors.com\/ca\/#organization","name":"Belona Consultors","url":"https:\/\/belonaconsultors.com\/ca\/","logo":{"@type":"ImageObject","inLanguage":"ca","@id":"https:\/\/belonaconsultors.com\/ca\/#\/schema\/logo\/image\/","url":"https:\/\/belonaconsultors.com\/wp-content\/uploads\/2023\/01\/Logo-Belona-Consultors.png","contentUrl":"https:\/\/belonaconsultors.com\/wp-content\/uploads\/2023\/01\/Logo-Belona-Consultors.png","width":800,"height":350,"caption":"Belona Consultors"},"image":{"@id":"https:\/\/belonaconsultors.com\/ca\/#\/schema\/logo\/image\/"}}]}},"_links":{"self":[{"href":"https:\/\/belonaconsultors.com\/ca\/wp-json\/wp\/v2\/pages\/272","targetHints":{"allow":["GET"]}}],"collection":[{"href":"https:\/\/belonaconsultors.com\/ca\/wp-json\/wp\/v2\/pages"}],"about":[{"href":"https:\/\/belonaconsultors.com\/ca\/wp-json\/wp\/v2\/types\/page"}],"author":[{"embeddable":true,"href":"https:\/\/belonaconsultors.com\/ca\/wp-json\/wp\/v2\/users\/1"}],"replies":[{"embeddable":true,"href":"https:\/\/belonaconsultors.com\/ca\/wp-json\/wp\/v2\/comments?post=272"}],"version-history":[{"count":5,"href":"https:\/\/belonaconsultors.com\/ca\/wp-json\/wp\/v2\/pages\/272\/revisions"}],"predecessor-version":[{"id":280,"href":"https:\/\/belonaconsultors.com\/ca\/wp-json\/wp\/v2\/pages\/272\/revisions\/280"}],"wp:attachment":[{"href":"https:\/\/belonaconsultors.com\/ca\/wp-json\/wp\/v2\/media?parent=272"}],"curies":[{"name":"wp","href":"https:\/\/api.w.org\/{rel}","templated":true}]}}