{"id":272,"date":"2023-03-13T10:49:59","date_gmt":"2023-03-13T10:49:59","guid":{"rendered":"https:\/\/beta.belonaconsultors.com\/?page_id=272"},"modified":"2023-03-13T11:03:47","modified_gmt":"2023-03-13T11:03:47","slug":"politica-de-cookies","status":"publish","type":"page","link":"https:\/\/belonaconsultors.com\/es\/politica-de-cookies\/","title":{"rendered":"Pol\u00edtica de Cookies"},"content":{"rendered":"\t\t<div data-elementor-type=\"wp-page\" data-elementor-id=\"272\" class=\"elementor elementor-272\">\n\t\t\t\t\t\t\t\t\t<section class=\"elementor-section elementor-top-section elementor-element elementor-element-62cf340 elementor-section-boxed elementor-section-height-default elementor-section-height-default\" data-id=\"62cf340\" data-element_type=\"section\">\n\t\t\t\t\t\t<div class=\"elementor-container elementor-column-gap-default\">\n\t\t\t\t\t<div class=\"elementor-column elementor-col-100 elementor-top-column elementor-element elementor-element-813cd4a\" data-id=\"813cd4a\" data-element_type=\"column\">\n\t\t\t<div class=\"elementor-widget-wrap elementor-element-populated\">\n\t\t\t\t\t\t\t\t<div class=\"elementor-element elementor-element-a752d48 elementor-widget elementor-widget-heading\" data-id=\"a752d48\" data-element_type=\"widget\" data-widget_type=\"heading.default\">\n\t\t\t\t<div class=\"elementor-widget-container\">\n\t\t\t<style>\/*! elementor - v3.14.0 - 26-06-2023 *\/\n.elementor-heading-title{padding:0;margin:0;line-height:1}.elementor-widget-heading .elementor-heading-title[class*=elementor-size-]>a{color:inherit;font-size:inherit;line-height:inherit}.elementor-widget-heading .elementor-heading-title.elementor-size-small{font-size:15px}.elementor-widget-heading .elementor-heading-title.elementor-size-medium{font-size:19px}.elementor-widget-heading .elementor-heading-title.elementor-size-large{font-size:29px}.elementor-widget-heading .elementor-heading-title.elementor-size-xl{font-size:39px}.elementor-widget-heading .elementor-heading-title.elementor-size-xxl{font-size:59px}<\/style><h2 class=\"elementor-heading-title elementor-size-default\">Pol\u00edtica de Cookies<\/h2>\t\t<\/div>\n\t\t\t\t<\/div>\n\t\t\t\t<div class=\"elementor-element elementor-element-0fb0165 elementor-widget elementor-widget-text-editor\" data-id=\"0fb0165\" data-element_type=\"widget\" data-widget_type=\"text-editor.default\">\n\t\t\t\t<div class=\"elementor-widget-container\">\n\t\t\t<style>\/*! elementor - v3.14.0 - 26-06-2023 *\/\n.elementor-widget-text-editor.elementor-drop-cap-view-stacked .elementor-drop-cap{background-color:#69727d;color:#fff}.elementor-widget-text-editor.elementor-drop-cap-view-framed .elementor-drop-cap{color:#69727d;border:3px solid;background-color:transparent}.elementor-widget-text-editor:not(.elementor-drop-cap-view-default) .elementor-drop-cap{margin-top:8px}.elementor-widget-text-editor:not(.elementor-drop-cap-view-default) .elementor-drop-cap-letter{width:1em;height:1em}.elementor-widget-text-editor .elementor-drop-cap{float:left;text-align:center;line-height:1;font-size:50px}.elementor-widget-text-editor .elementor-drop-cap-letter{display:inline-block}<\/style>\t\t\t\t<p><strong>Introducci\u00f3n<\/strong>.<\/p>\n<p>Nuestro sitio web, https:\/\/belonaconsulrors.com (de ahora en adelante \u201cel sitio web\u201d) utiliza galletas y otras tecnolog\u00edas relacionadas (por comodidad, todas las tecnolog\u00edas se de Nombreinan \u201cgalletas\u201d). Las galletas tambi\u00e9n son colocadas por terceros que hemos contratado. En el documento siguiente os informamos sobre el uso de las galletas a nuestro sitio web.<\/p>\n<p><strong>\u00bfQu\u00e9 son las cookies?<\/strong><\/p>\n<p>Una cookie es un fichero peque\u00f1o y sencillo que se env\u00eda junto con p\u00e1ginas de este sitio web y que vuestro navegador almacena al disco llevar del ordenador u otro dispositivo. La informaci\u00f3n almacenada en \u00e9l se puede volver a nuestros servidores o a los servidores de los terceros correspondientes durante una visita posterior.<\/p>\n<p><strong>\u00bfCu\u00e1les son los scripts?<\/strong><\/p>\n<p>Un script es una pieza de c\u00f3digo de software que se utiliza para que nuestro web funcione correctamente e interactivamente. Este c\u00f3digo se ejecuta a nuestro servidor o a vuestro dispositivo.<\/p>\n<p><strong>\u00bfQu\u00e9 es un web beacon?<\/strong><\/p>\n<p>Una baliza web (o un hashtag de p\u00edxel) es una peque\u00f1a e invisible pieza de texto o imagen en un sitio web que se utiliza para controlar el tr\u00e1fico de un sitio web. Para hacerlo, se almacenan varios datos utilizando balizas web.<\/p>\n<p><strong>Cookies.<\/strong><\/p>\n<p><span style=\"text-decoration: underline;\"><span style=\"font-style: inherit; font-weight: inherit; background-color: var(--ast-global-color-5);\">Cookies t\u00e9cnicas o funcionales.<\/span><\/span><\/p>\n<p><span style=\"font-style: inherit; font-weight: inherit; background-color: var(--ast-global-color-5);\">Algunas cookies aseguran que ciertas partes del sitio web funcionan correctamente y que las preferencias de los usuarios sigan siendo conocidas. Utilizando cookies funcionales, os facilitamos que visit\u00e1is nuestro sitio web. De este modo, no hace falta que introduc\u00eds repetidamente la misma informaci\u00f3n cuando visit\u00e1is nuestro sitio web y, por ejemplo, los elementos permanecen en el carrito de la compra hasta que hay\u00e1is pagado. Podemos posar estas cookies sin vuestro consentimiento.<\/span><\/p>\n<p><span style=\"text-decoration: underline;\"><span style=\"font-style: inherit; font-weight: inherit; background-color: var(--ast-global-color-5);\">Galletas anal\u00edticas<\/span><\/span><\/p>\n<p><span style=\"font-style: inherit; font-weight: inherit; background-color: var(--ast-global-color-5);\">Como que las estad\u00edsticas se est\u00e1n rastreando de manera an\u00f3nima, no se ha solicitado ning\u00fan permiso para hacer galletas anal\u00edticas.<\/span><\/p>\n<p><span style=\"text-decoration: underline;\">Botones de medios sociales.<\/span><\/p>\n<p>En nuestra web hemos incluido botones para Facebook y LinkedIn promover p\u00e1ginas web (p.ej. \u201clike, \u201cpin\u201d) o compartirlas (p.ej. \u201ctuit\u201d) en redes sociales como Facebook y LinkedIn. Estos botones funcionan utilizando c\u00f3digo proveniente de Facebook y LinkedIn. Este c\u00f3digo coloca cookies. Estos botones de redes sociales pueden almacenar y procesar informaci\u00f3n, por el que pueden mostraros anuncios personalizados.<br>Leed, por favor, la pol\u00edtica de privacidad de estas redes sociales (que pueden cambiar regularmente) para entender qu\u00e9 hacen con vuestros datos personales procesados utilizando estas cookies. Los datos recuperados son anonimitzades el m\u00e1ximo posible. Facebook y LinkedIn est\u00e1n ubicados en los Estados Unidos de Am\u00e9rica.<\/p>\n<p><b>Consentimiento.<\/b><\/p>\n<p>Cuando visit\u00e1is nuestro sitio web por primera vez, os mostraremos un mensaje emergente con una explicaci\u00f3n sobre las galletas. Luego que como hac\u00e9is clic a \u201cGuardar las preferencias\u201d, nos consent\u00eds a utilizar las categor\u00edas de galletas y extensiones que hab\u00e9is seleccionado al mensaje emergente, tal y como se describe en esta Pol\u00edtica de galletas. Pod\u00e9is desactivar el uso de galletas a trav\u00e9s de vuestro navegador, pero teng\u00e1is en cuenta que puede ser que nuestro sitio web ya no funcione correctamente.<\/p>\n<p><b>TRATAMIENTO DE DATOS PERSONALES.<\/b><\/p>\n<p>BELONA CONSULTORS, SLP es el Responsable del tratamiento de los datos personales del Interesado y le informa de que estos datos ser\u00e1n tratados de conformidad con lo dispuesto en el Reglamento (UE) 2016\/679, de 27 de abril de 2016 (GDPR), por lo que se le facilita la siguiente informaci\u00f3n del tratamiento:<\/p>\n<ol>\n<li>Fines del tratamiento: seg\u00fan se especifica en el apartado de cookies que se utilizan en este sitio web.<\/li>\n<li>Legitimaci\u00f3n del tratamiento: por consentimiento del interesado (art. 6.1 GDPR).<\/li>\n<li>Criterios de conservaci\u00f3n de los datos: seg\u00fan se especifica en el apartado de cookies utilizadas en la web.<\/li>\n<li>Comunicaci\u00f3n de los datos: no se comunicar\u00e1n los datos a terceros, excepto en cookies propiedad de terceros o por obligaci\u00f3n legal.<\/li>\n<li>Derechos que asisten al Interesado:<\/li>\n<\/ol>\n<ul>\n<li><span style=\"font-style: inherit; font-weight: inherit; background-color: var(--ast-global-color-5);\">Derecho a retirar el consentimiento en cualquier momento.<\/span><\/li>\n<li>Derecho de acceso, rectificaci\u00f3n, portabilidad y supresi\u00f3n de sus datos y a la limitaci\u00f3n u oposici\u00f3n a su tratamiento.<\/li>\n<li>Derecho a presentar una reclamaci\u00f3n ante la Autoridad de control (www.aepd.es) si considera que el tratamiento no se ajusta a la normativa vigente.<\/li>\n<\/ul>\n<p><b>Datos de contacto para ejercer sus derechos:<\/b><\/p>\n<p>BELONA CONSULTORS, SLP. SANT PERE 19 \u2013 08470 SANT CELONI (Barcelona). Email: dpd@belonaconsultors.com<\/p>\n<p><b>C\u00d3MO GESTIONAR LAS COOKIES DESDE EL NAVEGADOR.<\/b><\/p>\n<p><b>Eliminar las cookies del dispositivo:<\/b> Las cookies que ya est\u00e1n en un dispositivo se pueden eliminar borrando el historial del navegador, con lo que se suprimen las cookies de todos los sitios web visitados.<br>Sin embargo, tambi\u00e9n se puede perder parte de la informaci\u00f3n guardada (por ejemplo, los datos de inicio de sesi\u00f3n o las preferencias de sitio web).<\/p>\n<p><b>Gestionar las cookies espec\u00edficas del sitio: <\/b>Para tener un control m\u00e1s preciso de las cookies espec\u00edficas de cada sitio, los usuarios pueden ajustar su configuraci\u00f3n de privacidad y cookies en el navegador.<\/p>\n<p><b>Bloquear las cookies:<\/b> Aunque la mayor\u00eda de los navegadores modernos se pueden configurar para evitar que se instalen cookies en los dispositivos, eso puede obligar al ajuste manual de determinadas preferencias cada vez que se visite un sitio o p\u00e1gina. Adem\u00e1s, algunos servicios y caracter\u00edsticas pueden no funcionar correctamente (por ejemplo, los inicios de sesi\u00f3n con perfil).<\/p>\n<ul>\n<li><b>Chrome:<\/b> http:\/\/support.google.com\/chrome\/answer\/95647?hl=es <\/li>\n<li><b>Internet Explorer Versi\u00f3n 11:<\/b> https:\/\/support.microsoft.com\/es-es\/help\/278835\/how-to-delete-cookie-files-in-internet-explorer <\/li>\n<li><b>Firefox Versi\u00f3n 65.0.1:<\/b> https:\/\/www.mozilla.org\/es-ES\/privacy\/websites\/#cookies <\/li>\n<li><b>Safari Versi\u00f3n 5.1: <\/b>https:\/\/support.apple.com\/es-es\/guide\/safari\/sfri11471\/mac <\/li>\n<li><b>Opera:<\/b> https:\/\/help.opera.com\/en\/latest\/security-and-privacy\/#clearBrowsingData<\/li>\n<\/ul>\n<p>Esta pol\u00edtica de cookies ha sido sincronizada con cookiedatabase.org el 4 noviembre, 2020.<\/p>\t\t\t\t\t\t<\/div>\n\t\t\t\t<\/div>\n\t\t\t\t\t<\/div>\n\t\t<\/div>\n\t\t\t\t\t\t\t<\/div>\n\t\t<\/section>\n\t\t\t\t\t\t\t<\/div>\n\t\t","protected":false},"excerpt":{"rendered":"<p>Pol\u00edtica de Cookies Introducci\u00f3n. Nuestro sitio web, https:\/\/belonaconsulrors.com (de ahora en adelante \u201cel sitio web\u201d) utiliza galletas y otras tecnolog\u00edas relacionadas (por comodidad, todas las tecnolog\u00edas se de Nombreinan \u201cgalletas\u201d). Las galletas tambi\u00e9n son colocadas por terceros que hemos contratado. En el documento siguiente os informamos sobre el uso de las galletas a nuestro sitio &hellip;<\/p>\n<p class=\"read-more\"> <a class=\"\" href=\"https:\/\/belonaconsultors.com\/es\/politica-de-cookies\/\"> <span class=\"screen-reader-text\">Pol\u00edtica de Cookies<\/span> Leer m\u00e1s &raquo;<\/a><\/p>\n","protected":false},"author":1,"featured_media":0,"parent":0,"menu_order":0,"comment_status":"closed","ping_status":"closed","template":"","meta":{"site-sidebar-layout":"no-sidebar","site-content-layout":"page-builder","ast-global-header-display":"","ast-main-header-display":"","ast-hfb-above-header-display":"","ast-hfb-below-header-display":"","ast-hfb-mobile-header-display":"","site-post-title":"disabled","ast-breadcrumbs-content":"","ast-featured-img":"disabled","footer-sml-layout":"","theme-transparent-header-meta":"","adv-header-id-meta":"","stick-header-meta":"","header-above-stick-meta":"","header-main-stick-meta":"","header-below-stick-meta":"","footnotes":""},"class_list":["post-272","page","type-page","status-publish","hentry"],"yoast_head":"<!-- This site is optimized with the Yoast SEO plugin v20.12 - https:\/\/yoast.com\/wordpress\/plugins\/seo\/ -->\n<title>Belona Consultors - Pol\u00edtica de Cookies<\/title>\n<meta name=\"robots\" content=\"noindex, nofollow\" \/>\n<meta property=\"og:locale\" content=\"es_ES\" \/>\n<meta property=\"og:type\" content=\"article\" \/>\n<meta property=\"og:title\" content=\"Belona Consultors - Pol\u00edtica de Cookies\" \/>\n<meta property=\"og:description\" content=\"Pol\u00edtica de Cookies Introducci\u00f3n. Nuestro sitio web, https:\/\/belonaconsulrors.com (de ahora en adelante \u201cel sitio web\u201d) utiliza galletas y otras tecnolog\u00edas relacionadas (por comodidad, todas las tecnolog\u00edas se de Nombreinan \u201cgalletas\u201d). Las galletas tambi\u00e9n son colocadas por terceros que hemos contratado. En el documento siguiente os informamos sobre el uso de las galletas a nuestro sitio &hellip; Pol\u00edtica de Cookies Leer m\u00e1s &raquo;\" \/>\n<meta property=\"og:url\" content=\"https:\/\/belonaconsultors.com\/es\/politica-de-cookies\/\" \/>\n<meta property=\"og:site_name\" content=\"Belona Consultors\" \/>\n<meta property=\"article:modified_time\" content=\"2023-03-13T11:03:47+00:00\" \/>\n<meta name=\"twitter:card\" content=\"summary_large_image\" \/>\n<meta name=\"twitter:label1\" content=\"Tiempo de lectura\" \/>\n\t<meta name=\"twitter:data1\" content=\"4 minutos\" \/>\n<script type=\"application\/ld+json\" class=\"yoast-schema-graph\">{\"@context\":\"https:\/\/schema.org\",\"@graph\":[{\"@type\":\"WebPage\",\"@id\":\"https:\/\/belonaconsultors.com\/ca\/politica-de-cookies\/\",\"url\":\"https:\/\/belonaconsultors.com\/ca\/politica-de-cookies\/\",\"name\":\"Belona Consultors - Pol\u00edtica de Cookies\",\"isPartOf\":{\"@id\":\"https:\/\/belonaconsultors.com\/ca\/#website\"},\"datePublished\":\"2023-03-13T10:49:59+00:00\",\"dateModified\":\"2023-03-13T11:03:47+00:00\",\"breadcrumb\":{\"@id\":\"https:\/\/belonaconsultors.com\/ca\/politica-de-cookies\/#breadcrumb\"},\"inLanguage\":\"es\",\"potentialAction\":[{\"@type\":\"ReadAction\",\"target\":[\"https:\/\/belonaconsultors.com\/ca\/politica-de-cookies\/\"]}]},{\"@type\":\"BreadcrumbList\",\"@id\":\"https:\/\/belonaconsultors.com\/ca\/politica-de-cookies\/#breadcrumb\",\"itemListElement\":[{\"@type\":\"ListItem\",\"position\":1,\"name\":\"Portada\",\"item\":\"https:\/\/belonaconsultors.com\/es\/\"},{\"@type\":\"ListItem\",\"position\":2,\"name\":\"Pol\u00edtica de Cookies\"}]},{\"@type\":\"WebSite\",\"@id\":\"https:\/\/belonaconsultors.com\/ca\/#website\",\"url\":\"https:\/\/belonaconsultors.com\/ca\/\",\"name\":\"Belona Consultors\",\"description\":\"Otro sitio realizado con WordPress\",\"publisher\":{\"@id\":\"https:\/\/belonaconsultors.com\/ca\/#organization\"},\"potentialAction\":[{\"@type\":\"SearchAction\",\"target\":{\"@type\":\"EntryPoint\",\"urlTemplate\":\"https:\/\/belonaconsultors.com\/ca\/?s={search_term_string}\"},\"query-input\":\"required name=search_term_string\"}],\"inLanguage\":\"es\"},{\"@type\":\"Organization\",\"@id\":\"https:\/\/belonaconsultors.com\/ca\/#organization\",\"name\":\"Belona Consultors\",\"url\":\"https:\/\/belonaconsultors.com\/ca\/\",\"logo\":{\"@type\":\"ImageObject\",\"inLanguage\":\"es\",\"@id\":\"https:\/\/belonaconsultors.com\/ca\/#\/schema\/logo\/image\/\",\"url\":\"https:\/\/belonaconsultors.com\/wp-content\/uploads\/2023\/01\/Logo-Belona-Consultors.png\",\"contentUrl\":\"https:\/\/belonaconsultors.com\/wp-content\/uploads\/2023\/01\/Logo-Belona-Consultors.png\",\"width\":800,\"height\":350,\"caption\":\"Belona Consultors\"},\"image\":{\"@id\":\"https:\/\/belonaconsultors.com\/ca\/#\/schema\/logo\/image\/\"}}]}<\/script>\n<!-- \/ Yoast SEO plugin. -->","yoast_head_json":{"title":"Belona Consultors - Pol\u00edtica de Cookies","robots":{"index":"noindex","follow":"nofollow"},"og_locale":"es_ES","og_type":"article","og_title":"Belona Consultors - Pol\u00edtica de Cookies","og_description":"Pol\u00edtica de Cookies Introducci\u00f3n. Nuestro sitio web, https:\/\/belonaconsulrors.com (de ahora en adelante \u201cel sitio web\u201d) utiliza galletas y otras tecnolog\u00edas relacionadas (por comodidad, todas las tecnolog\u00edas se de Nombreinan \u201cgalletas\u201d). Las galletas tambi\u00e9n son colocadas por terceros que hemos contratado. En el documento siguiente os informamos sobre el uso de las galletas a nuestro sitio &hellip; Pol\u00edtica de Cookies Leer m\u00e1s &raquo;","og_url":"https:\/\/belonaconsultors.com\/es\/politica-de-cookies\/","og_site_name":"Belona Consultors","article_modified_time":"2023-03-13T11:03:47+00:00","twitter_card":"summary_large_image","twitter_misc":{"Tiempo de lectura":"4 minutos"},"schema":{"@context":"https:\/\/schema.org","@graph":[{"@type":"WebPage","@id":"https:\/\/belonaconsultors.com\/ca\/politica-de-cookies\/","url":"https:\/\/belonaconsultors.com\/ca\/politica-de-cookies\/","name":"Belona Consultors - Pol\u00edtica de Cookies","isPartOf":{"@id":"https:\/\/belonaconsultors.com\/ca\/#website"},"datePublished":"2023-03-13T10:49:59+00:00","dateModified":"2023-03-13T11:03:47+00:00","breadcrumb":{"@id":"https:\/\/belonaconsultors.com\/ca\/politica-de-cookies\/#breadcrumb"},"inLanguage":"es","potentialAction":[{"@type":"ReadAction","target":["https:\/\/belonaconsultors.com\/ca\/politica-de-cookies\/"]}]},{"@type":"BreadcrumbList","@id":"https:\/\/belonaconsultors.com\/ca\/politica-de-cookies\/#breadcrumb","itemListElement":[{"@type":"ListItem","position":1,"name":"Portada","item":"https:\/\/belonaconsultors.com\/es\/"},{"@type":"ListItem","position":2,"name":"Pol\u00edtica de Cookies"}]},{"@type":"WebSite","@id":"https:\/\/belonaconsultors.com\/ca\/#website","url":"https:\/\/belonaconsultors.com\/ca\/","name":"Belona Consultors","description":"Otro sitio realizado con WordPress","publisher":{"@id":"https:\/\/belonaconsultors.com\/ca\/#organization"},"potentialAction":[{"@type":"SearchAction","target":{"@type":"EntryPoint","urlTemplate":"https:\/\/belonaconsultors.com\/ca\/?s={search_term_string}"},"query-input":"required name=search_term_string"}],"inLanguage":"es"},{"@type":"Organization","@id":"https:\/\/belonaconsultors.com\/ca\/#organization","name":"Belona Consultors","url":"https:\/\/belonaconsultors.com\/ca\/","logo":{"@type":"ImageObject","inLanguage":"es","@id":"https:\/\/belonaconsultors.com\/ca\/#\/schema\/logo\/image\/","url":"https:\/\/belonaconsultors.com\/wp-content\/uploads\/2023\/01\/Logo-Belona-Consultors.png","contentUrl":"https:\/\/belonaconsultors.com\/wp-content\/uploads\/2023\/01\/Logo-Belona-Consultors.png","width":800,"height":350,"caption":"Belona Consultors"},"image":{"@id":"https:\/\/belonaconsultors.com\/ca\/#\/schema\/logo\/image\/"}}]}},"_links":{"self":[{"href":"https:\/\/belonaconsultors.com\/es\/wp-json\/wp\/v2\/pages\/272","targetHints":{"allow":["GET"]}}],"collection":[{"href":"https:\/\/belonaconsultors.com\/es\/wp-json\/wp\/v2\/pages"}],"about":[{"href":"https:\/\/belonaconsultors.com\/es\/wp-json\/wp\/v2\/types\/page"}],"author":[{"embeddable":true,"href":"https:\/\/belonaconsultors.com\/es\/wp-json\/wp\/v2\/users\/1"}],"replies":[{"embeddable":true,"href":"https:\/\/belonaconsultors.com\/es\/wp-json\/wp\/v2\/comments?post=272"}],"version-history":[{"count":5,"href":"https:\/\/belonaconsultors.com\/es\/wp-json\/wp\/v2\/pages\/272\/revisions"}],"predecessor-version":[{"id":280,"href":"https:\/\/belonaconsultors.com\/es\/wp-json\/wp\/v2\/pages\/272\/revisions\/280"}],"wp:attachment":[{"href":"https:\/\/belonaconsultors.com\/es\/wp-json\/wp\/v2\/media?parent=272"}],"curies":[{"name":"wp","href":"https:\/\/api.w.org\/{rel}","templated":true}]}}