{"id":31,"date":"2023-01-13T09:54:56","date_gmt":"2023-01-13T09:54:56","guid":{"rendered":"https:\/\/beta.belonaconsultors.com\/?page_id=31"},"modified":"2023-03-20T10:14:37","modified_gmt":"2023-03-20T10:14:37","slug":"belona-consultors-contacto","status":"publish","type":"page","link":"https:\/\/belonaconsultors.com\/es\/belona-consultors-contacto\/","title":{"rendered":"Belona Consultors &#8211; Contacto"},"content":{"rendered":"\t\t<div data-elementor-type=\"wp-page\" data-elementor-id=\"31\" class=\"elementor elementor-31\">\n\t\t\t\t\t\t\t\t\t<section class=\"elementor-section elementor-top-section elementor-element elementor-element-e48358b elementor-section-boxed elementor-section-height-default elementor-section-height-default\" data-id=\"e48358b\" data-element_type=\"section\" data-settings=\"{&quot;background_background&quot;:&quot;classic&quot;}\">\n\t\t\t\t\t\t<div class=\"elementor-container elementor-column-gap-default\">\n\t\t\t\t\t<div class=\"elementor-column elementor-col-100 elementor-top-column elementor-element elementor-element-6924002\" data-id=\"6924002\" data-element_type=\"column\">\n\t\t\t<div class=\"elementor-widget-wrap elementor-element-populated\">\n\t\t\t\t\t\t\t\t<div class=\"elementor-element elementor-element-5c47c5a elementor-widget elementor-widget-heading\" data-id=\"5c47c5a\" data-element_type=\"widget\" data-widget_type=\"heading.default\">\n\t\t\t\t<div class=\"elementor-widget-container\">\n\t\t\t<style>\/*! elementor - v3.14.0 - 26-06-2023 *\/\n.elementor-heading-title{padding:0;margin:0;line-height:1}.elementor-widget-heading .elementor-heading-title[class*=elementor-size-]>a{color:inherit;font-size:inherit;line-height:inherit}.elementor-widget-heading .elementor-heading-title.elementor-size-small{font-size:15px}.elementor-widget-heading .elementor-heading-title.elementor-size-medium{font-size:19px}.elementor-widget-heading .elementor-heading-title.elementor-size-large{font-size:29px}.elementor-widget-heading .elementor-heading-title.elementor-size-xl{font-size:39px}.elementor-widget-heading .elementor-heading-title.elementor-size-xxl{font-size:59px}<\/style><h1 class=\"elementor-heading-title elementor-size-default\">BELONA CONSULTORS<\/h1>\t\t<\/div>\n\t\t\t\t<\/div>\n\t\t\t\t<div class=\"elementor-element elementor-element-881f9f7 elementor-widget elementor-widget-heading\" data-id=\"881f9f7\" data-element_type=\"widget\" data-widget_type=\"heading.default\">\n\t\t\t\t<div class=\"elementor-widget-container\">\n\t\t\t<h2 class=\"elementor-heading-title elementor-size-default\">CONTACTO<\/h2>\t\t<\/div>\n\t\t\t\t<\/div>\n\t\t\t\t<div class=\"elementor-element elementor-element-7a7bed5 elementor-widget elementor-widget-button\" data-id=\"7a7bed5\" data-element_type=\"widget\" data-widget_type=\"button.default\">\n\t\t\t\t<div class=\"elementor-widget-container\">\n\t\t\t\t\t<div class=\"elementor-button-wrapper\">\n\t\t\t<a class=\"elementor-button elementor-button-link elementor-size-sm\" href=\"#contacte\">\n\t\t\t\t\t\t<span class=\"elementor-button-content-wrapper\">\n\t\t\t\t\t\t<span class=\"elementor-button-text\">\u00bfNecesitas ayuda?<\/span>\n\t\t<\/span>\n\t\t\t\t\t<\/a>\n\t\t<\/div>\n\t\t\t\t<\/div>\n\t\t\t\t<\/div>\n\t\t\t\t\t<\/div>\n\t\t<\/div>\n\t\t\t\t\t\t\t<\/div>\n\t\t<\/section>\n\t\t\t\t<section class=\"elementor-section elementor-top-section elementor-element elementor-element-cc43179 elementor-section-boxed elementor-section-height-default elementor-section-height-default\" data-id=\"cc43179\" data-element_type=\"section\" id=\"contacte\">\n\t\t\t\t\t\t<div class=\"elementor-container elementor-column-gap-default\">\n\t\t\t\t\t<div class=\"elementor-column elementor-col-100 elementor-top-column elementor-element elementor-element-098ad4d\" data-id=\"098ad4d\" data-element_type=\"column\">\n\t\t\t<div class=\"elementor-widget-wrap elementor-element-populated\">\n\t\t\t\t\t\t\t\t<section class=\"elementor-section elementor-inner-section elementor-element elementor-element-b60b688 elementor-section-boxed elementor-section-height-default elementor-section-height-default\" data-id=\"b60b688\" data-element_type=\"section\">\n\t\t\t\t\t\t<div class=\"elementor-container elementor-column-gap-default\">\n\t\t\t\t\t<div class=\"elementor-column elementor-col-50 elementor-inner-column elementor-element elementor-element-be95686\" data-id=\"be95686\" data-element_type=\"column\">\n\t\t\t<div class=\"elementor-widget-wrap elementor-element-populated\">\n\t\t\t\t\t\t\t\t<div class=\"elementor-element elementor-element-9a5cd8f elementor-widget elementor-widget-heading\" data-id=\"9a5cd8f\" data-element_type=\"widget\" data-widget_type=\"heading.default\">\n\t\t\t\t<div class=\"elementor-widget-container\">\n\t\t\t<h2 class=\"elementor-heading-title elementor-size-default\">LL\u00c1MANOS AL<\/h2>\t\t<\/div>\n\t\t\t\t<\/div>\n\t\t\t\t<div class=\"elementor-element elementor-element-39f254f elementor-widget elementor-widget-heading\" data-id=\"39f254f\" data-element_type=\"widget\" data-widget_type=\"heading.default\">\n\t\t\t\t<div class=\"elementor-widget-container\">\n\t\t\t<h2 class=\"elementor-heading-title elementor-size-default\">938.674.755<\/h2>\t\t<\/div>\n\t\t\t\t<\/div>\n\t\t\t\t<div class=\"elementor-element elementor-element-32ed9cb elementor-widget elementor-widget-text-editor\" data-id=\"32ed9cb\" data-element_type=\"widget\" data-widget_type=\"text-editor.default\">\n\t\t\t\t<div class=\"elementor-widget-container\">\n\t\t\t<style>\/*! elementor - v3.14.0 - 26-06-2023 *\/\n.elementor-widget-text-editor.elementor-drop-cap-view-stacked .elementor-drop-cap{background-color:#69727d;color:#fff}.elementor-widget-text-editor.elementor-drop-cap-view-framed .elementor-drop-cap{color:#69727d;border:3px solid;background-color:transparent}.elementor-widget-text-editor:not(.elementor-drop-cap-view-default) .elementor-drop-cap{margin-top:8px}.elementor-widget-text-editor:not(.elementor-drop-cap-view-default) .elementor-drop-cap-letter{width:1em;height:1em}.elementor-widget-text-editor .elementor-drop-cap{float:left;text-align:center;line-height:1;font-size:50px}.elementor-widget-text-editor .elementor-drop-cap-letter{display:inline-block}<\/style>\t\t\t\t<p>Estemos disponibles de <strong>Lunes a Jueves de 09:00 a 14:00 horas y de 15:00 a 18:00 horas<\/strong>, y los <strong>Viernes de 09:00 a 14:00 horas.<\/strong><\/p>\t\t\t\t\t\t<\/div>\n\t\t\t\t<\/div>\n\t\t\t\t<div class=\"elementor-element elementor-element-d1abc85 elementor-widget elementor-widget-button\" data-id=\"d1abc85\" data-element_type=\"widget\" data-widget_type=\"button.default\">\n\t\t\t\t<div class=\"elementor-widget-container\">\n\t\t\t\t\t<div class=\"elementor-button-wrapper\">\n\t\t\t<a class=\"elementor-button elementor-button-link elementor-size-sm\" href=\"tel:+34938674755\">\n\t\t\t\t\t\t<span class=\"elementor-button-content-wrapper\">\n\t\t\t\t\t\t<span class=\"elementor-button-text\">\u00bfHablamos?<\/span>\n\t\t<\/span>\n\t\t\t\t\t<\/a>\n\t\t<\/div>\n\t\t\t\t<\/div>\n\t\t\t\t<\/div>\n\t\t\t\t<div class=\"elementor-element elementor-element-268ee82 elementor-widget elementor-widget-google_maps\" data-id=\"268ee82\" data-element_type=\"widget\" data-widget_type=\"google_maps.default\">\n\t\t\t\t<div class=\"elementor-widget-container\">\n\t\t\t<style>\/*! elementor - v3.14.0 - 26-06-2023 *\/\n.elementor-widget-google_maps .elementor-widget-container{overflow:hidden}.elementor-widget-google_maps .elementor-custom-embed{line-height:0}.elementor-widget-google_maps iframe{height:300px}<\/style>\t\t<div class=\"elementor-custom-embed\">\n\t\t\t<iframe loading=\"lazy\"\n\t\t\t\t\tsrc=\"https:\/\/maps.google.com\/maps?q=Carrer%20Sant%20Pere%2019%2C%20Sant%20Celoni&#038;t=m&#038;z=10&#038;output=embed&#038;iwloc=near\"\n\t\t\t\t\ttitle=\"Carrer Sant Pere 19, Sant Celoni\"\n\t\t\t\t\taria-label=\"Carrer Sant Pere 19, Sant Celoni\"\n\t\t\t><\/iframe>\n\t\t<\/div>\n\t\t\t\t<\/div>\n\t\t\t\t<\/div>\n\t\t\t\t<div class=\"elementor-element elementor-element-1097449 elementor-widget elementor-widget-google_maps\" data-id=\"1097449\" data-element_type=\"widget\" data-widget_type=\"google_maps.default\">\n\t\t\t\t<div class=\"elementor-widget-container\">\n\t\t\t\t\t<div class=\"elementor-custom-embed\">\n\t\t\t<iframe loading=\"lazy\"\n\t\t\t\t\tsrc=\"https:\/\/maps.google.com\/maps?q=Rambla%20Catalunya%2C%2015%2C%20Barcelona&#038;t=m&#038;z=10&#038;output=embed&#038;iwloc=near\"\n\t\t\t\t\ttitle=\"Rambla Catalunya, 15, Barcelona\"\n\t\t\t\t\taria-label=\"Rambla Catalunya, 15, Barcelona\"\n\t\t\t><\/iframe>\n\t\t<\/div>\n\t\t\t\t<\/div>\n\t\t\t\t<\/div>\n\t\t\t\t\t<\/div>\n\t\t<\/div>\n\t\t\t\t<div class=\"elementor-column elementor-col-50 elementor-inner-column elementor-element elementor-element-3b7eb77\" data-id=\"3b7eb77\" data-element_type=\"column\">\n\t\t\t<div class=\"elementor-widget-wrap elementor-element-populated\">\n\t\t\t\t\t\t\t\t<div class=\"elementor-element elementor-element-8bf73d4 eael-contact-form-7-button-align-left eael-contact-form-7-button-custom elementor-widget elementor-widget-eael-contact-form-7\" data-id=\"8bf73d4\" data-element_type=\"widget\" data-widget_type=\"eael-contact-form-7.default\">\n\t\t\t\t<div class=\"elementor-widget-container\">\n\t\t\t<div class=\"eael-contact-form-7-wrapper\">\n                <div class=\"eael-contact-form eael-contact-form-7 eael-contact-form-8bf73d4 placeholder-show eael-contact-form-align-center\">\n<div class=\"wpcf7 no-js\" id=\"wpcf7-f34-o1\" lang=\"es-ES\" dir=\"ltr\">\n<div class=\"screen-reader-response\"><p role=\"status\" aria-live=\"polite\" aria-atomic=\"true\"><\/p> <ul><\/ul><\/div>\n<form action=\"\/es\/wp-json\/wp\/v2\/pages\/31#wpcf7-f34-o1\" method=\"post\" class=\"wpcf7-form init\" aria-label=\"Formulario de contacto\" novalidate=\"novalidate\" data-status=\"init\">\n<div style=\"display: none;\">\n<input type=\"hidden\" name=\"_wpcf7\" value=\"34\" \/>\n<input type=\"hidden\" name=\"_wpcf7_version\" value=\"5.7.7\" \/>\n<input type=\"hidden\" name=\"_wpcf7_locale\" value=\"es_ES\" \/>\n<input type=\"hidden\" name=\"_wpcf7_unit_tag\" value=\"wpcf7-f34-o1\" \/>\n<input type=\"hidden\" name=\"_wpcf7_container_post\" value=\"0\" \/>\n<input type=\"hidden\" name=\"_wpcf7_posted_data_hash\" value=\"\" \/>\n<\/div>\n<p><label> Nombre<br \/>\n<span class=\"wpcf7-form-control-wrap\" data-name=\"your-name\"><input size=\"40\" class=\"wpcf7-form-control wpcf7-text wpcf7-validates-as-required\" autocomplete=\"name\" aria-required=\"true\" aria-invalid=\"false\" value=\"\" type=\"text\" name=\"your-name\" \/><\/span> <\/label>\n<\/p>\n<p><label> Correo electr\u00f3nico<br \/>\n<span class=\"wpcf7-form-control-wrap\" data-name=\"your-email\"><input size=\"40\" class=\"wpcf7-form-control wpcf7-text wpcf7-email wpcf7-validates-as-required wpcf7-validates-as-email\" autocomplete=\"email\" aria-required=\"true\" aria-invalid=\"false\" value=\"\" type=\"email\" name=\"your-email\" \/><\/span> <\/label>\n<\/p>\n<p><label> Tel\u00e9fono<br \/>\n<span class=\"wpcf7-form-control-wrap\" data-name=\"Telefono\"><input size=\"40\" class=\"wpcf7-form-control wpcf7-text wpcf7-tel wpcf7-validates-as-required wpcf7-validates-as-tel\" aria-required=\"true\" aria-invalid=\"false\" value=\"\" type=\"tel\" name=\"Telefono\" \/><\/span> <\/label>\n<\/p>\n<p><label> \u00bfQu\u00e9 servicios necesitas? <\/label><br \/>\n<span class=\"wpcf7-form-control-wrap\" data-name=\"Serveis\"><select class=\"wpcf7-form-control wpcf7-select wpcf7-validates-as-required\" aria-required=\"true\" aria-invalid=\"false\" name=\"Serveis\"><option value=\"Economistas\">Economistas<\/option><option value=\"Abogados\">Abogados<\/option><option value=\"Consultores\">Consultores<\/option><option value=\"Gestores\">Gestores<\/option><\/select><\/span>\n<\/p>\n<p><label> Mensaje (Opcional)<br \/>\n<span class=\"wpcf7-form-control-wrap\" data-name=\"your-message\"><textarea cols=\"40\" rows=\"10\" class=\"wpcf7-form-control wpcf7-textarea\" aria-invalid=\"false\" name=\"your-message\"><\/textarea><\/span> <\/label>\n<\/p>\n<p><span class=\"wpcf7-form-control-wrap\" data-name=\"politiques\"><span class=\"wpcf7-form-control wpcf7-acceptance\"><span class=\"wpcf7-list-item\"><label><input type=\"checkbox\" name=\"politiques\" value=\"1\" aria-invalid=\"false\" \/><span class=\"wpcf7-list-item-label\">He le\u00eddo y acepto las pol\u00edticas de Belona Consultors<\/span><\/label><\/span><\/span><\/span><br \/>\n<input type=\"hidden\" name=\"_wpcf7_captcha_challenge_captcha-1\" value=\"636670718\" \/><img loading=\"lazy\" decoding=\"async\" class=\"wpcf7-form-control wpcf7-captchac wpcf7-captcha-captcha-1\" width=\"72\" height=\"24\" alt=\"captcha\" src=\"https:\/\/belonaconsultors.com\/wp-content\/uploads\/wpcf7_captcha\/636670718.png\" \/><span class=\"wpcf7-form-control-wrap\" data-name=\"captcha-1\"><input size=\"40\" class=\"wpcf7-form-control wpcf7-captchar\" autocomplete=\"off\" aria-invalid=\"false\" value=\"\" type=\"text\" name=\"captcha-1\" \/><\/span><br \/>\n<input class=\"wpcf7-form-control has-spinner wpcf7-submit\" type=\"submit\" value=\"Enviar\" \/>\n<\/p><div class=\"wpcf7-response-output\" aria-hidden=\"true\"><\/div>\n<\/form>\n<\/div>\n<\/div>\n            <\/div>\t\t<\/div>\n\t\t\t\t<\/div>\n\t\t\t\t\t<\/div>\n\t\t<\/div>\n\t\t\t\t\t\t\t<\/div>\n\t\t<\/section>\n\t\t\t\t\t<\/div>\n\t\t<\/div>\n\t\t\t\t\t\t\t<\/div>\n\t\t<\/section>\n\t\t\t\t\t\t\t<\/div>\n\t\t","protected":false},"excerpt":{"rendered":"<p>BELONA CONSULTORS CONTACTO \u00bfNecesitas ayuda? LL\u00c1MANOS AL 938.674.755 Estemos disponibles de Lunes a Jueves de 09:00 a 14:00 horas y de 15:00 a 18:00 horas, y los Viernes de 09:00 a 14:00 horas. \u00bfHablamos? Nombre Correo electr\u00f3nico Tel\u00e9fono \u00bfQu\u00e9 servicios necesitas? EconomistasAbogadosConsultoresGestores Mensaje (Opcional) He le\u00eddo y acepto las pol\u00edticas de Belona Consultors<\/p>\n","protected":false},"author":1,"featured_media":0,"parent":0,"menu_order":0,"comment_status":"closed","ping_status":"closed","template":"","meta":{"site-sidebar-layout":"no-sidebar","site-content-layout":"page-builder","ast-global-header-display":"","ast-main-header-display":"","ast-hfb-above-header-display":"","ast-hfb-below-header-display":"","ast-hfb-mobile-header-display":"","site-post-title":"disabled","ast-breadcrumbs-content":"","ast-featured-img":"disabled","footer-sml-layout":"","theme-transparent-header-meta":"","adv-header-id-meta":"","stick-header-meta":"","header-above-stick-meta":"","header-main-stick-meta":"","header-below-stick-meta":"","footnotes":""},"class_list":["post-31","page","type-page","status-publish","hentry"],"yoast_head":"<!-- This site is optimized with the Yoast SEO plugin v20.12 - https:\/\/yoast.com\/wordpress\/plugins\/seo\/ -->\n<title>Belona Consultors - Contacto<\/title>\n<meta name=\"description\" content=\"\u00bfNecesitas ayuda? Estamos aqu\u00ed para ayudarte. Ponte en contacto con Belona Consultors y te daremos una respuesta en menos de 24h.\" \/>\n<meta name=\"robots\" content=\"index, follow, max-snippet:-1, max-image-preview:large, max-video-preview:-1\" \/>\n<link rel=\"canonical\" href=\"https:\/\/belonaconsultors.com\/es\/belona-consultors-contacto\/\" \/>\n<meta property=\"og:locale\" content=\"es_ES\" \/>\n<meta property=\"og:type\" content=\"article\" \/>\n<meta property=\"og:title\" content=\"Belona Consultors - Contacto\" \/>\n<meta property=\"og:description\" content=\"\u00bfNecesitas ayuda? Estamos aqu\u00ed para ayudarte. Ponte en contacto con Belona Consultors y te daremos una respuesta en menos de 24h.\" \/>\n<meta property=\"og:url\" content=\"https:\/\/belonaconsultors.com\/es\/belona-consultors-contacto\/\" \/>\n<meta property=\"og:site_name\" content=\"Belona Consultors\" \/>\n<meta property=\"article:modified_time\" content=\"2023-03-20T10:14:37+00:00\" \/>\n<meta property=\"og:image\" content=\"https:\/\/belonaconsultors.com\/wp-content\/uploads\/wpcf7_captcha\/576936878.png\" \/>\n<meta name=\"twitter:card\" content=\"summary_large_image\" \/>\n<meta name=\"twitter:label1\" content=\"Tiempo de lectura\" \/>\n\t<meta name=\"twitter:data1\" content=\"1 minuto\" \/>\n<script type=\"application\/ld+json\" class=\"yoast-schema-graph\">{\"@context\":\"https:\/\/schema.org\",\"@graph\":[{\"@type\":\"WebPage\",\"@id\":\"https:\/\/belonaconsultors.com\/belona-consultors-contacto\/\",\"url\":\"https:\/\/belonaconsultors.com\/belona-consultors-contacto\/\",\"name\":\"Belona Consultors - Contacto\",\"isPartOf\":{\"@id\":\"https:\/\/belonaconsultors.com\/ca\/#website\"},\"datePublished\":\"2023-01-13T09:54:56+00:00\",\"dateModified\":\"2023-03-20T10:14:37+00:00\",\"description\":\"\u00bfNecesitas ayuda? Estamos aqu\u00ed para ayudarte. Ponte en contacto con Belona Consultors y te daremos una respuesta en menos de 24h.\",\"breadcrumb\":{\"@id\":\"https:\/\/belonaconsultors.com\/belona-consultors-contacto\/#breadcrumb\"},\"inLanguage\":\"es\",\"potentialAction\":[{\"@type\":\"ReadAction\",\"target\":[\"https:\/\/belonaconsultors.com\/belona-consultors-contacto\/\"]}]},{\"@type\":\"BreadcrumbList\",\"@id\":\"https:\/\/belonaconsultors.com\/belona-consultors-contacto\/#breadcrumb\",\"itemListElement\":[{\"@type\":\"ListItem\",\"position\":1,\"name\":\"Portada\",\"item\":\"https:\/\/belonaconsultors.com\/es\/\"},{\"@type\":\"ListItem\",\"position\":2,\"name\":\"Belona Consultors &#8211; Contacto\"}]},{\"@type\":\"WebSite\",\"@id\":\"https:\/\/belonaconsultors.com\/ca\/#website\",\"url\":\"https:\/\/belonaconsultors.com\/ca\/\",\"name\":\"Belona Consultors\",\"description\":\"Otro sitio realizado con WordPress\",\"publisher\":{\"@id\":\"https:\/\/belonaconsultors.com\/ca\/#organization\"},\"potentialAction\":[{\"@type\":\"SearchAction\",\"target\":{\"@type\":\"EntryPoint\",\"urlTemplate\":\"https:\/\/belonaconsultors.com\/ca\/?s={search_term_string}\"},\"query-input\":\"required name=search_term_string\"}],\"inLanguage\":\"es\"},{\"@type\":\"Organization\",\"@id\":\"https:\/\/belonaconsultors.com\/ca\/#organization\",\"name\":\"Belona Consultors\",\"url\":\"https:\/\/belonaconsultors.com\/ca\/\",\"logo\":{\"@type\":\"ImageObject\",\"inLanguage\":\"es\",\"@id\":\"https:\/\/belonaconsultors.com\/ca\/#\/schema\/logo\/image\/\",\"url\":\"https:\/\/belonaconsultors.com\/wp-content\/uploads\/2023\/01\/Logo-Belona-Consultors.png\",\"contentUrl\":\"https:\/\/belonaconsultors.com\/wp-content\/uploads\/2023\/01\/Logo-Belona-Consultors.png\",\"width\":800,\"height\":350,\"caption\":\"Belona Consultors\"},\"image\":{\"@id\":\"https:\/\/belonaconsultors.com\/ca\/#\/schema\/logo\/image\/\"}}]}<\/script>\n<!-- \/ Yoast SEO plugin. -->","yoast_head_json":{"title":"Belona Consultors - Contacto","description":"\u00bfNecesitas ayuda? Estamos aqu\u00ed para ayudarte. Ponte en contacto con Belona Consultors y te daremos una respuesta en menos de 24h.","robots":{"index":"index","follow":"follow","max-snippet":"max-snippet:-1","max-image-preview":"max-image-preview:large","max-video-preview":"max-video-preview:-1"},"canonical":"https:\/\/belonaconsultors.com\/es\/belona-consultors-contacto\/","og_locale":"es_ES","og_type":"article","og_title":"Belona Consultors - Contacto","og_description":"\u00bfNecesitas ayuda? Estamos aqu\u00ed para ayudarte. Ponte en contacto con Belona Consultors y te daremos una respuesta en menos de 24h.","og_url":"https:\/\/belonaconsultors.com\/es\/belona-consultors-contacto\/","og_site_name":"Belona Consultors","article_modified_time":"2023-03-20T10:14:37+00:00","og_image":[{"url":"https:\/\/belonaconsultors.com\/wp-content\/uploads\/wpcf7_captcha\/576936878.png"}],"twitter_card":"summary_large_image","twitter_misc":{"Tiempo de lectura":"1 minuto"},"schema":{"@context":"https:\/\/schema.org","@graph":[{"@type":"WebPage","@id":"https:\/\/belonaconsultors.com\/belona-consultors-contacto\/","url":"https:\/\/belonaconsultors.com\/belona-consultors-contacto\/","name":"Belona Consultors - Contacto","isPartOf":{"@id":"https:\/\/belonaconsultors.com\/ca\/#website"},"datePublished":"2023-01-13T09:54:56+00:00","dateModified":"2023-03-20T10:14:37+00:00","description":"\u00bfNecesitas ayuda? Estamos aqu\u00ed para ayudarte. Ponte en contacto con Belona Consultors y te daremos una respuesta en menos de 24h.","breadcrumb":{"@id":"https:\/\/belonaconsultors.com\/belona-consultors-contacto\/#breadcrumb"},"inLanguage":"es","potentialAction":[{"@type":"ReadAction","target":["https:\/\/belonaconsultors.com\/belona-consultors-contacto\/"]}]},{"@type":"BreadcrumbList","@id":"https:\/\/belonaconsultors.com\/belona-consultors-contacto\/#breadcrumb","itemListElement":[{"@type":"ListItem","position":1,"name":"Portada","item":"https:\/\/belonaconsultors.com\/es\/"},{"@type":"ListItem","position":2,"name":"Belona Consultors &#8211; Contacto"}]},{"@type":"WebSite","@id":"https:\/\/belonaconsultors.com\/ca\/#website","url":"https:\/\/belonaconsultors.com\/ca\/","name":"Belona Consultors","description":"Otro sitio realizado con WordPress","publisher":{"@id":"https:\/\/belonaconsultors.com\/ca\/#organization"},"potentialAction":[{"@type":"SearchAction","target":{"@type":"EntryPoint","urlTemplate":"https:\/\/belonaconsultors.com\/ca\/?s={search_term_string}"},"query-input":"required name=search_term_string"}],"inLanguage":"es"},{"@type":"Organization","@id":"https:\/\/belonaconsultors.com\/ca\/#organization","name":"Belona Consultors","url":"https:\/\/belonaconsultors.com\/ca\/","logo":{"@type":"ImageObject","inLanguage":"es","@id":"https:\/\/belonaconsultors.com\/ca\/#\/schema\/logo\/image\/","url":"https:\/\/belonaconsultors.com\/wp-content\/uploads\/2023\/01\/Logo-Belona-Consultors.png","contentUrl":"https:\/\/belonaconsultors.com\/wp-content\/uploads\/2023\/01\/Logo-Belona-Consultors.png","width":800,"height":350,"caption":"Belona Consultors"},"image":{"@id":"https:\/\/belonaconsultors.com\/ca\/#\/schema\/logo\/image\/"}}]}},"_links":{"self":[{"href":"https:\/\/belonaconsultors.com\/es\/wp-json\/wp\/v2\/pages\/31","targetHints":{"allow":["GET"]}}],"collection":[{"href":"https:\/\/belonaconsultors.com\/es\/wp-json\/wp\/v2\/pages"}],"about":[{"href":"https:\/\/belonaconsultors.com\/es\/wp-json\/wp\/v2\/types\/page"}],"author":[{"embeddable":true,"href":"https:\/\/belonaconsultors.com\/es\/wp-json\/wp\/v2\/users\/1"}],"replies":[{"embeddable":true,"href":"https:\/\/belonaconsultors.com\/es\/wp-json\/wp\/v2\/comments?post=31"}],"version-history":[{"count":33,"href":"https:\/\/belonaconsultors.com\/es\/wp-json\/wp\/v2\/pages\/31\/revisions"}],"predecessor-version":[{"id":455,"href":"https:\/\/belonaconsultors.com\/es\/wp-json\/wp\/v2\/pages\/31\/revisions\/455"}],"wp:attachment":[{"href":"https:\/\/belonaconsultors.com\/es\/wp-json\/wp\/v2\/media?parent=31"}],"curies":[{"name":"wp","href":"https:\/\/api.w.org\/{rel}","templated":true}]}}